{"id":1041,"date":"2020-03-26T09:36:31","date_gmt":"2020-03-26T12:36:31","guid":{"rendered":"https:\/\/agencianb4.com.br\/marketing\/?page_id=1041"},"modified":"2020-04-07T12:17:45","modified_gmt":"2020-04-07T15:17:45","slug":"identidade-visual","status":"publish","type":"page","link":"https:\/\/agencianb4.com.br\/marketing\/identidade-visual\/","title":{"rendered":"Identidade Visual"},"content":{"rendered":"\t\t<div data-elementor-type=\"wp-post\" data-elementor-id=\"1041\" class=\"elementor elementor-1041\" data-elementor-settings=\"[]\">\n\t\t\t\t\t\t<div class=\"elementor-inner\">\n\t\t\t\t\t\t\t<div class=\"elementor-section-wrap\">\n\t\t\t\t\t\t\t<section class=\"elementor-section elementor-top-section elementor-element elementor-element-6705eefe elementor-section-stretched elementor-hidden-phone elementor-section-boxed elementor-section-height-default elementor-section-height-default\" data-id=\"6705eefe\" data-element_type=\"section\" id=\"pr_hero\" data-settings=\"{&quot;background_background&quot;:&quot;classic&quot;,&quot;stretch_section&quot;:&quot;section-stretched&quot;}\">\n\t\t\t\t\t\t\t<div class=\"elementor-background-overlay\"><\/div>\n\t\t\t\t\t\t\t<div class=\"elementor-container elementor-column-gap-default\">\n\t\t\t\t\t\t\t<div class=\"elementor-row\">\n\t\t\t\t\t<div class=\"elementor-column elementor-col-100 elementor-top-column elementor-element elementor-element-706d2f8 elementor-hidden-phone\" data-id=\"706d2f8\" data-element_type=\"column\" data-settings=\"{&quot;background_background&quot;:&quot;classic&quot;}\">\n\t\t\t<div class=\"elementor-column-wrap elementor-element-populated\">\n\t\t\t\t\t<div class=\"elementor-background-overlay\"><\/div>\n\t\t\t\t\t\t\t<div class=\"elementor-widget-wrap\">\n\t\t\t\t\t\t<section class=\"elementor-section elementor-inner-section elementor-element elementor-element-188ef81 elementor-hidden-phone elementor-section-boxed elementor-section-height-default elementor-section-height-default\" data-id=\"188ef81\" data-element_type=\"section\">\n\t\t\t\t\t\t<div class=\"elementor-container elementor-column-gap-default\">\n\t\t\t\t\t\t\t<div class=\"elementor-row\">\n\t\t\t\t\t<div class=\"elementor-column elementor-col-50 elementor-inner-column elementor-element elementor-element-30095a1\" data-id=\"30095a1\" data-element_type=\"column\">\n\t\t\t<div class=\"elementor-column-wrap elementor-element-populated\">\n\t\t\t\t\t\t\t<div class=\"elementor-widget-wrap\">\n\t\t\t\t\t\t<div class=\"elementor-element elementor-element-4b638fe elementor-widget elementor-widget-heading\" data-id=\"4b638fe\" data-element_type=\"widget\" data-widget_type=\"heading.default\">\n\t\t\t\t<div class=\"elementor-widget-container\">\n\t\t\t<h1 class=\"elementor-heading-title elementor-size-xxl\">A identidade visual tem o poder de impactar <\/h1>\t\t<\/div>\n\t\t\t\t<\/div>\n\t\t\t\t\t\t<\/div>\n\t\t\t\t\t<\/div>\n\t\t<\/div>\n\t\t\t\t<div class=\"elementor-column elementor-col-50 elementor-inner-column elementor-element elementor-element-56468d5\" data-id=\"56468d5\" data-element_type=\"column\">\n\t\t\t<div class=\"elementor-column-wrap\">\n\t\t\t\t\t\t\t<div class=\"elementor-widget-wrap\">\n\t\t\t\t\t\t\t\t<\/div>\n\t\t\t\t\t<\/div>\n\t\t<\/div>\n\t\t\t\t\t\t\t\t<\/div>\n\t\t\t\t\t<\/div>\n\t\t<\/section>\n\t\t\t\t\t\t<\/div>\n\t\t\t\t\t<\/div>\n\t\t<\/div>\n\t\t\t\t\t\t\t\t<\/div>\n\t\t\t\t\t<\/div>\n\t\t<\/section>\n\t\t\t\t<section class=\"elementor-section elementor-top-section elementor-element elementor-element-3b3840fc pr__section elementor-section-boxed elementor-section-height-default elementor-section-height-default\" data-id=\"3b3840fc\" data-element_type=\"section\" id=\"pr_client\">\n\t\t\t\t\t\t<div class=\"elementor-container elementor-column-gap-default\">\n\t\t\t\t\t\t\t<div class=\"elementor-row\">\n\t\t\t\t\t<div class=\"elementor-column elementor-col-50 elementor-top-column elementor-element elementor-element-469c992a\" data-id=\"469c992a\" data-element_type=\"column\">\n\t\t\t<div class=\"elementor-column-wrap elementor-element-populated\">\n\t\t\t\t\t\t\t<div class=\"elementor-widget-wrap\">\n\t\t\t\t\t\t<div class=\"elementor-element elementor-element-27d69e82 r2__shape elementor-widget elementor-widget-spacer\" data-id=\"27d69e82\" data-element_type=\"widget\" data-widget_type=\"spacer.default\">\n\t\t\t\t<div class=\"elementor-widget-container\">\n\t\t\t\t\t<div class=\"elementor-spacer\">\n\t\t\t<div class=\"elementor-spacer-inner\"><\/div>\n\t\t<\/div>\n\t\t\t\t<\/div>\n\t\t\t\t<\/div>\n\t\t\t\t\t\t<\/div>\n\t\t\t\t\t<\/div>\n\t\t<\/div>\n\t\t\t\t<div class=\"elementor-column elementor-col-50 elementor-top-column elementor-element elementor-element-4eee5346\" data-id=\"4eee5346\" data-element_type=\"column\">\n\t\t\t<div class=\"elementor-column-wrap elementor-element-populated\">\n\t\t\t\t\t\t\t<div class=\"elementor-widget-wrap\">\n\t\t\t\t\t\t<div class=\"elementor-element elementor-element-337650b7 elementor-widget-divider--view-line elementor-widget elementor-widget-divider\" data-id=\"337650b7\" data-element_type=\"widget\" data-widget_type=\"divider.default\">\n\t\t\t\t<div class=\"elementor-widget-container\">\n\t\t\t\t\t<div class=\"elementor-divider\">\n\t\t\t<span class=\"elementor-divider-separator\">\n\t\t\t\t\t\t<\/span>\n\t\t<\/div>\n\t\t\t\t<\/div>\n\t\t\t\t<\/div>\n\t\t\t\t<div class=\"elementor-element elementor-element-36c93178 elementor-widget elementor-widget-heading\" data-id=\"36c93178\" data-element_type=\"widget\" data-widget_type=\"heading.default\">\n\t\t\t\t<div class=\"elementor-widget-container\">\n\t\t\t<h2 class=\"elementor-heading-title elementor-size-default\"><span style=\"white-space: normal;\">Identidade Visual<\/span><\/h2>\t\t<\/div>\n\t\t\t\t<\/div>\n\t\t\t\t<div class=\"elementor-element elementor-element-423481d9 elementor-widget elementor-widget-heading\" data-id=\"423481d9\" data-element_type=\"widget\" data-widget_type=\"heading.default\">\n\t\t\t\t<div class=\"elementor-widget-container\">\n\t\t\t<h4 class=\"elementor-heading-title elementor-size-default\">Combina\u00e7\u00e3o de elementos que refletem a sua marca<\/h4>\t\t<\/div>\n\t\t\t\t<\/div>\n\t\t\t\t<div class=\"elementor-element elementor-element-11b52fd elementor-widget elementor-widget-heading\" data-id=\"11b52fd\" data-element_type=\"widget\" data-widget_type=\"heading.default\">\n\t\t\t\t<div class=\"elementor-widget-container\">\n\t\t\t<p class=\"elementor-heading-title elementor-size-default\">A identidade visual \u00e9 um componente fundamental para sua empresa. \u00c9 atrav\u00e9s dela que voc\u00ea ir\u00e1 transmitir e expressar os valores, estilo e a sua ess\u00eancia. <br><br>\nS\u00e3o os elementos visuais que refletem um nome, ideia, produto, empresa ou servi\u00e7o. As cores, tipografias, formatos e at\u00e9 frases, como o slogan, possuem o papel de gravar na mente do p\u00fablico, de forma r\u00e1pida e objetiva, qual \u00e9 a sua identidade visual e sua miss\u00e3o.<br><br>\n<\/p>\t\t<\/div>\n\t\t\t\t<\/div>\n\t\t\t\t\t\t<\/div>\n\t\t\t\t\t<\/div>\n\t\t<\/div>\n\t\t\t\t\t\t\t\t<\/div>\n\t\t\t\t\t<\/div>\n\t\t<\/section>\n\t\t\t\t<section class=\"elementor-section elementor-top-section elementor-element elementor-element-71b424c elementor-section-boxed elementor-section-height-default elementor-section-height-default\" data-id=\"71b424c\" data-element_type=\"section\">\n\t\t\t\t\t\t<div class=\"elementor-container elementor-column-gap-default\">\n\t\t\t\t\t\t\t<div class=\"elementor-row\">\n\t\t\t\t\t<div class=\"elementor-column elementor-col-100 elementor-top-column elementor-element elementor-element-1542735\" data-id=\"1542735\" data-element_type=\"column\">\n\t\t\t<div class=\"elementor-column-wrap elementor-element-populated\">\n\t\t\t\t\t\t\t<div class=\"elementor-widget-wrap\">\n\t\t\t\t\t\t<div class=\"elementor-element elementor-element-795f203 elementor-widget elementor-widget-heading\" data-id=\"795f203\" data-element_type=\"widget\" data-widget_type=\"heading.default\">\n\t\t\t\t<div class=\"elementor-widget-container\">\n\t\t\t<p class=\"elementor-heading-title elementor-size-default\">Toda empresa precisa de uma marca bem definida e impactante.<br><br> A NB4 disp\u00f5e de uma equipe de designers que criam marcas surpreendentes. Toda marca come\u00e7a pelo nome e segue por itens como logotipo, estampas, fontes, cores, ilustra\u00e7\u00f5es, imagens, mascotes, embalagens, decora\u00e7\u00e3o do ambiente etc.<br><br>\nConfira alguns projetos desenvolvidos por nossa empresa.\n<br><br>NOSSA EQUIPE DE ESPECIALISTAS IR\u00c1 TE SURPREENDER.<br><br>\nSOLICITE UMA PROPOSTA SEM COMPROMISSO!\n<\/p>\t\t<\/div>\n\t\t\t\t<\/div>\n\t\t\t\t\t\t<\/div>\n\t\t\t\t\t<\/div>\n\t\t<\/div>\n\t\t\t\t\t\t\t\t<\/div>\n\t\t\t\t\t<\/div>\n\t\t<\/section>\n\t\t\t\t<section class=\"elementor-section elementor-top-section elementor-element elementor-element-d391d11 elementor-section-boxed elementor-section-height-default elementor-section-height-default\" data-id=\"d391d11\" data-element_type=\"section\">\n\t\t\t\t\t\t<div class=\"elementor-container elementor-column-gap-default\">\n\t\t\t\t\t\t\t<div class=\"elementor-row\">\n\t\t\t\t\t<div class=\"elementor-column elementor-col-20 elementor-top-column elementor-element elementor-element-aa63094\" data-id=\"aa63094\" data-element_type=\"column\">\n\t\t\t<div class=\"elementor-column-wrap elementor-element-populated\">\n\t\t\t\t\t\t\t<div class=\"elementor-widget-wrap\">\n\t\t\t\t\t\t<div class=\"elementor-element elementor-element-ebe62d0 elementor-widget elementor-widget-image\" data-id=\"ebe62d0\" data-element_type=\"widget\" data-widget_type=\"image.default\">\n\t\t\t\t<div class=\"elementor-widget-container\">\n\t\t\t\t\t\t\t\t<div class=\"elementor-image\">\n\t\t\t\t\t\t\t\t\t\t\t\t\t<a href=\"https:\/\/agencianb4.com.br\/marketing\/wp-content\/uploads\/2020\/03\/projeto_001.jpg\" data-elementor-open-lightbox=\"yes\" data-elementor-lightbox-title=\"projeto_001\">\n\t\t\t\t\t\t\t<img width=\"1024\" height=\"578\" src=\"https:\/\/agencianb4.com.br\/marketing\/wp-content\/uploads\/2020\/03\/projeto_001-1024x578.jpg\" class=\"attachment-large size-large\" alt=\"\" loading=\"lazy\" srcset=\"https:\/\/agencianb4.com.br\/marketing\/wp-content\/uploads\/2020\/03\/projeto_001-1024x578.jpg 1024w, https:\/\/agencianb4.com.br\/marketing\/wp-content\/uploads\/2020\/03\/projeto_001-300x169.jpg 300w, https:\/\/agencianb4.com.br\/marketing\/wp-content\/uploads\/2020\/03\/projeto_001-768x434.jpg 768w, https:\/\/agencianb4.com.br\/marketing\/wp-content\/uploads\/2020\/03\/projeto_001-980x553.jpg 980w, https:\/\/agencianb4.com.br\/marketing\/wp-content\/uploads\/2020\/03\/projeto_001.jpg 1360w\" sizes=\"(max-width: 1024px) 100vw, 1024px\" \/>\t\t\t\t\t\t\t\t<\/a>\n\t\t\t\t\t\t\t\t\t\t\t\t\t\t<\/div>\n\t\t\t\t\t\t<\/div>\n\t\t\t\t<\/div>\n\t\t\t\t\t\t<\/div>\n\t\t\t\t\t<\/div>\n\t\t<\/div>\n\t\t\t\t<div class=\"elementor-column elementor-col-20 elementor-top-column elementor-element elementor-element-8590625\" data-id=\"8590625\" data-element_type=\"column\">\n\t\t\t<div class=\"elementor-column-wrap elementor-element-populated\">\n\t\t\t\t\t\t\t<div class=\"elementor-widget-wrap\">\n\t\t\t\t\t\t<div class=\"elementor-element elementor-element-c2340d7 elementor-widget elementor-widget-image\" data-id=\"c2340d7\" data-element_type=\"widget\" data-widget_type=\"image.default\">\n\t\t\t\t<div class=\"elementor-widget-container\">\n\t\t\t\t\t\t\t\t<div class=\"elementor-image\">\n\t\t\t\t\t\t\t\t\t\t\t\t\t<a href=\"https:\/\/agencianb4.com.br\/marketing\/wp-content\/uploads\/2020\/03\/projeto_002.jpg\" data-elementor-open-lightbox=\"yes\" data-elementor-lightbox-title=\"projeto_002\">\n\t\t\t\t\t\t\t<img width=\"1024\" height=\"578\" src=\"https:\/\/agencianb4.com.br\/marketing\/wp-content\/uploads\/2020\/03\/projeto_002-1024x578.jpg\" class=\"attachment-large size-large\" alt=\"\" loading=\"lazy\" srcset=\"https:\/\/agencianb4.com.br\/marketing\/wp-content\/uploads\/2020\/03\/projeto_002-1024x578.jpg 1024w, https:\/\/agencianb4.com.br\/marketing\/wp-content\/uploads\/2020\/03\/projeto_002-300x169.jpg 300w, https:\/\/agencianb4.com.br\/marketing\/wp-content\/uploads\/2020\/03\/projeto_002-768x434.jpg 768w, https:\/\/agencianb4.com.br\/marketing\/wp-content\/uploads\/2020\/03\/projeto_002-980x553.jpg 980w, https:\/\/agencianb4.com.br\/marketing\/wp-content\/uploads\/2020\/03\/projeto_002.jpg 1360w\" sizes=\"(max-width: 1024px) 100vw, 1024px\" \/>\t\t\t\t\t\t\t\t<\/a>\n\t\t\t\t\t\t\t\t\t\t\t\t\t\t<\/div>\n\t\t\t\t\t\t<\/div>\n\t\t\t\t<\/div>\n\t\t\t\t\t\t<\/div>\n\t\t\t\t\t<\/div>\n\t\t<\/div>\n\t\t\t\t<div class=\"elementor-column elementor-col-20 elementor-top-column elementor-element elementor-element-fe9921a\" data-id=\"fe9921a\" data-element_type=\"column\">\n\t\t\t<div class=\"elementor-column-wrap elementor-element-populated\">\n\t\t\t\t\t\t\t<div class=\"elementor-widget-wrap\">\n\t\t\t\t\t\t<div class=\"elementor-element elementor-element-50e24d4 elementor-widget elementor-widget-image\" data-id=\"50e24d4\" data-element_type=\"widget\" data-widget_type=\"image.default\">\n\t\t\t\t<div class=\"elementor-widget-container\">\n\t\t\t\t\t\t\t\t<div class=\"elementor-image\">\n\t\t\t\t\t\t\t\t\t\t\t\t\t<a href=\"https:\/\/agencianb4.com.br\/marketing\/wp-content\/uploads\/2020\/03\/projeto_003.jpg\" data-elementor-open-lightbox=\"yes\" data-elementor-lightbox-title=\"projeto_003\">\n\t\t\t\t\t\t\t<img width=\"1024\" height=\"578\" src=\"https:\/\/agencianb4.com.br\/marketing\/wp-content\/uploads\/2020\/03\/projeto_003-1024x578.jpg\" class=\"attachment-large size-large\" alt=\"\" loading=\"lazy\" srcset=\"https:\/\/agencianb4.com.br\/marketing\/wp-content\/uploads\/2020\/03\/projeto_003-1024x578.jpg 1024w, https:\/\/agencianb4.com.br\/marketing\/wp-content\/uploads\/2020\/03\/projeto_003-300x169.jpg 300w, https:\/\/agencianb4.com.br\/marketing\/wp-content\/uploads\/2020\/03\/projeto_003-768x434.jpg 768w, https:\/\/agencianb4.com.br\/marketing\/wp-content\/uploads\/2020\/03\/projeto_003-980x553.jpg 980w, https:\/\/agencianb4.com.br\/marketing\/wp-content\/uploads\/2020\/03\/projeto_003.jpg 1360w\" sizes=\"(max-width: 1024px) 100vw, 1024px\" \/>\t\t\t\t\t\t\t\t<\/a>\n\t\t\t\t\t\t\t\t\t\t\t\t\t\t<\/div>\n\t\t\t\t\t\t<\/div>\n\t\t\t\t<\/div>\n\t\t\t\t\t\t<\/div>\n\t\t\t\t\t<\/div>\n\t\t<\/div>\n\t\t\t\t<div class=\"elementor-column elementor-col-20 elementor-top-column elementor-element elementor-element-e13ebb3\" data-id=\"e13ebb3\" data-element_type=\"column\">\n\t\t\t<div class=\"elementor-column-wrap elementor-element-populated\">\n\t\t\t\t\t\t\t<div class=\"elementor-widget-wrap\">\n\t\t\t\t\t\t<div class=\"elementor-element elementor-element-ceff0a5 elementor-widget elementor-widget-image\" data-id=\"ceff0a5\" data-element_type=\"widget\" data-widget_type=\"image.default\">\n\t\t\t\t<div class=\"elementor-widget-container\">\n\t\t\t\t\t\t\t\t<div class=\"elementor-image\">\n\t\t\t\t\t\t\t\t\t\t\t\t\t<a href=\"https:\/\/agencianb4.com.br\/marketing\/wp-content\/uploads\/2020\/03\/projeto_004.jpg\" data-elementor-open-lightbox=\"yes\" data-elementor-lightbox-title=\"projeto_004\">\n\t\t\t\t\t\t\t<img width=\"1024\" height=\"578\" src=\"https:\/\/agencianb4.com.br\/marketing\/wp-content\/uploads\/2020\/03\/projeto_004-1024x578.jpg\" class=\"attachment-large size-large\" alt=\"\" loading=\"lazy\" srcset=\"https:\/\/agencianb4.com.br\/marketing\/wp-content\/uploads\/2020\/03\/projeto_004-1024x578.jpg 1024w, https:\/\/agencianb4.com.br\/marketing\/wp-content\/uploads\/2020\/03\/projeto_004-300x169.jpg 300w, https:\/\/agencianb4.com.br\/marketing\/wp-content\/uploads\/2020\/03\/projeto_004-768x434.jpg 768w, https:\/\/agencianb4.com.br\/marketing\/wp-content\/uploads\/2020\/03\/projeto_004-980x553.jpg 980w, https:\/\/agencianb4.com.br\/marketing\/wp-content\/uploads\/2020\/03\/projeto_004.jpg 1360w\" sizes=\"(max-width: 1024px) 100vw, 1024px\" \/>\t\t\t\t\t\t\t\t<\/a>\n\t\t\t\t\t\t\t\t\t\t\t\t\t\t<\/div>\n\t\t\t\t\t\t<\/div>\n\t\t\t\t<\/div>\n\t\t\t\t\t\t<\/div>\n\t\t\t\t\t<\/div>\n\t\t<\/div>\n\t\t\t\t<div class=\"elementor-column elementor-col-20 elementor-top-column elementor-element elementor-element-bc67454\" data-id=\"bc67454\" data-element_type=\"column\">\n\t\t\t<div class=\"elementor-column-wrap elementor-element-populated\">\n\t\t\t\t\t\t\t<div class=\"elementor-widget-wrap\">\n\t\t\t\t\t\t<div class=\"elementor-element elementor-element-95233f9 elementor-widget elementor-widget-image\" data-id=\"95233f9\" data-element_type=\"widget\" data-widget_type=\"image.default\">\n\t\t\t\t<div class=\"elementor-widget-container\">\n\t\t\t\t\t\t\t\t<div class=\"elementor-image\">\n\t\t\t\t\t\t\t\t\t\t\t\t\t<a href=\"https:\/\/agencianb4.com.br\/marketing\/wp-content\/uploads\/2020\/03\/projeto_005.jpg\" data-elementor-open-lightbox=\"yes\" data-elementor-lightbox-title=\"projeto_005\">\n\t\t\t\t\t\t\t<img width=\"1024\" height=\"578\" src=\"https:\/\/agencianb4.com.br\/marketing\/wp-content\/uploads\/2020\/03\/projeto_005-1024x578.jpg\" class=\"attachment-large size-large\" alt=\"\" loading=\"lazy\" srcset=\"https:\/\/agencianb4.com.br\/marketing\/wp-content\/uploads\/2020\/03\/projeto_005-1024x578.jpg 1024w, https:\/\/agencianb4.com.br\/marketing\/wp-content\/uploads\/2020\/03\/projeto_005-300x169.jpg 300w, https:\/\/agencianb4.com.br\/marketing\/wp-content\/uploads\/2020\/03\/projeto_005-768x434.jpg 768w, https:\/\/agencianb4.com.br\/marketing\/wp-content\/uploads\/2020\/03\/projeto_005-980x553.jpg 980w, https:\/\/agencianb4.com.br\/marketing\/wp-content\/uploads\/2020\/03\/projeto_005.jpg 1360w\" sizes=\"(max-width: 1024px) 100vw, 1024px\" \/>\t\t\t\t\t\t\t\t<\/a>\n\t\t\t\t\t\t\t\t\t\t\t\t\t\t<\/div>\n\t\t\t\t\t\t<\/div>\n\t\t\t\t<\/div>\n\t\t\t\t\t\t<\/div>\n\t\t\t\t\t<\/div>\n\t\t<\/div>\n\t\t\t\t\t\t\t\t<\/div>\n\t\t\t\t\t<\/div>\n\t\t<\/section>\n\t\t\t\t\t\t<\/div>\n\t\t\t\t\t\t<\/div>\n\t\t\t\t\t<\/div>\n\t\t","protected":false},"excerpt":{"rendered":"<p>A identidade visual tem o poder de impactar Identidade Visual Combina\u00e7\u00e3o de elementos que refletem a sua marca A identidade visual \u00e9 um componente fundamental&hellip;<\/p>\n","protected":false},"author":1,"featured_media":0,"parent":0,"menu_order":0,"comment_status":"closed","ping_status":"closed","template":"template-one-page-builder.php","meta":[],"_links":{"self":[{"href":"https:\/\/agencianb4.com.br\/marketing\/wp-json\/wp\/v2\/pages\/1041"}],"collection":[{"href":"https:\/\/agencianb4.com.br\/marketing\/wp-json\/wp\/v2\/pages"}],"about":[{"href":"https:\/\/agencianb4.com.br\/marketing\/wp-json\/wp\/v2\/types\/page"}],"author":[{"embeddable":true,"href":"https:\/\/agencianb4.com.br\/marketing\/wp-json\/wp\/v2\/users\/1"}],"replies":[{"embeddable":true,"href":"https:\/\/agencianb4.com.br\/marketing\/wp-json\/wp\/v2\/comments?post=1041"}],"version-history":[{"count":18,"href":"https:\/\/agencianb4.com.br\/marketing\/wp-json\/wp\/v2\/pages\/1041\/revisions"}],"predecessor-version":[{"id":1269,"href":"https:\/\/agencianb4.com.br\/marketing\/wp-json\/wp\/v2\/pages\/1041\/revisions\/1269"}],"wp:attachment":[{"href":"https:\/\/agencianb4.com.br\/marketing\/wp-json\/wp\/v2\/media?parent=1041"}],"curies":[{"name":"wp","href":"https:\/\/api.w.org\/{rel}","templated":true}]}}