{"id":1070,"date":"2020-03-27T10:03:07","date_gmt":"2020-03-27T13:03:07","guid":{"rendered":"https:\/\/agencianb4.com.br\/marketing\/?page_id=1070"},"modified":"2020-04-07T10:59:47","modified_gmt":"2020-04-07T13:59:47","slug":"marketing-de-perfomance","status":"publish","type":"page","link":"https:\/\/agencianb4.com.br\/marketing\/marketing-de-perfomance\/","title":{"rendered":"Marketing de Perfomance"},"content":{"rendered":"\t\t<div data-elementor-type=\"wp-post\" data-elementor-id=\"1070\" class=\"elementor elementor-1070\" data-elementor-settings=\"[]\">\n\t\t\t\t\t\t<div class=\"elementor-inner\">\n\t\t\t\t\t\t\t<div class=\"elementor-section-wrap\">\n\t\t\t\t\t\t\t<section class=\"elementor-section elementor-top-section elementor-element elementor-element-6705eefe elementor-section-stretched elementor-hidden-phone elementor-section-boxed elementor-section-height-default elementor-section-height-default\" data-id=\"6705eefe\" data-element_type=\"section\" id=\"pr_hero\" data-settings=\"{&quot;background_background&quot;:&quot;classic&quot;,&quot;stretch_section&quot;:&quot;section-stretched&quot;}\">\n\t\t\t\t\t\t\t<div class=\"elementor-background-overlay\"><\/div>\n\t\t\t\t\t\t\t<div class=\"elementor-container elementor-column-gap-default\">\n\t\t\t\t\t\t\t<div class=\"elementor-row\">\n\t\t\t\t\t<div class=\"elementor-column elementor-col-100 elementor-top-column elementor-element elementor-element-706d2f8 elementor-hidden-phone\" data-id=\"706d2f8\" data-element_type=\"column\" data-settings=\"{&quot;background_background&quot;:&quot;classic&quot;}\">\n\t\t\t<div class=\"elementor-column-wrap elementor-element-populated\">\n\t\t\t\t\t<div class=\"elementor-background-overlay\"><\/div>\n\t\t\t\t\t\t\t<div class=\"elementor-widget-wrap\">\n\t\t\t\t\t\t<section class=\"elementor-section elementor-inner-section elementor-element elementor-element-188ef81 elementor-hidden-phone elementor-section-boxed elementor-section-height-default elementor-section-height-default\" data-id=\"188ef81\" data-element_type=\"section\">\n\t\t\t\t\t\t<div class=\"elementor-container elementor-column-gap-default\">\n\t\t\t\t\t\t\t<div class=\"elementor-row\">\n\t\t\t\t\t<div class=\"elementor-column elementor-col-50 elementor-inner-column elementor-element elementor-element-30095a1\" data-id=\"30095a1\" data-element_type=\"column\">\n\t\t\t<div class=\"elementor-column-wrap elementor-element-populated\">\n\t\t\t\t\t\t\t<div class=\"elementor-widget-wrap\">\n\t\t\t\t\t\t<div class=\"elementor-element elementor-element-4b638fe elementor-widget elementor-widget-heading\" data-id=\"4b638fe\" data-element_type=\"widget\" data-widget_type=\"heading.default\">\n\t\t\t\t<div class=\"elementor-widget-container\">\n\t\t\t<h1 class=\"elementor-heading-title elementor-size-xxl\">Voc\u00ea nas primeiras<br> posi\u00e7\u00f5es do <br>Google<\/h1>\t\t<\/div>\n\t\t\t\t<\/div>\n\t\t\t\t\t\t<\/div>\n\t\t\t\t\t<\/div>\n\t\t<\/div>\n\t\t\t\t<div class=\"elementor-column elementor-col-50 elementor-inner-column elementor-element elementor-element-56468d5\" data-id=\"56468d5\" data-element_type=\"column\">\n\t\t\t<div class=\"elementor-column-wrap\">\n\t\t\t\t\t\t\t<div class=\"elementor-widget-wrap\">\n\t\t\t\t\t\t\t\t<\/div>\n\t\t\t\t\t<\/div>\n\t\t<\/div>\n\t\t\t\t\t\t\t\t<\/div>\n\t\t\t\t\t<\/div>\n\t\t<\/section>\n\t\t\t\t\t\t<\/div>\n\t\t\t\t\t<\/div>\n\t\t<\/div>\n\t\t\t\t\t\t\t\t<\/div>\n\t\t\t\t\t<\/div>\n\t\t<\/section>\n\t\t\t\t<section class=\"elementor-section elementor-top-section elementor-element elementor-element-3b3840fc pr__section elementor-section-boxed elementor-section-height-default elementor-section-height-default\" data-id=\"3b3840fc\" data-element_type=\"section\" id=\"pr_client\">\n\t\t\t\t\t\t<div class=\"elementor-container elementor-column-gap-default\">\n\t\t\t\t\t\t\t<div class=\"elementor-row\">\n\t\t\t\t\t<div class=\"elementor-column elementor-col-50 elementor-top-column elementor-element elementor-element-469c992a\" data-id=\"469c992a\" data-element_type=\"column\">\n\t\t\t<div class=\"elementor-column-wrap elementor-element-populated\">\n\t\t\t\t\t\t\t<div class=\"elementor-widget-wrap\">\n\t\t\t\t\t\t<div class=\"elementor-element elementor-element-27d69e82 r2__shape elementor-widget elementor-widget-spacer\" data-id=\"27d69e82\" data-element_type=\"widget\" data-widget_type=\"spacer.default\">\n\t\t\t\t<div class=\"elementor-widget-container\">\n\t\t\t\t\t<div class=\"elementor-spacer\">\n\t\t\t<div class=\"elementor-spacer-inner\"><\/div>\n\t\t<\/div>\n\t\t\t\t<\/div>\n\t\t\t\t<\/div>\n\t\t\t\t\t\t<\/div>\n\t\t\t\t\t<\/div>\n\t\t<\/div>\n\t\t\t\t<div class=\"elementor-column elementor-col-50 elementor-top-column elementor-element elementor-element-4eee5346\" data-id=\"4eee5346\" data-element_type=\"column\">\n\t\t\t<div class=\"elementor-column-wrap elementor-element-populated\">\n\t\t\t\t\t\t\t<div class=\"elementor-widget-wrap\">\n\t\t\t\t\t\t<div class=\"elementor-element elementor-element-337650b7 elementor-widget-divider--view-line elementor-widget elementor-widget-divider\" data-id=\"337650b7\" data-element_type=\"widget\" data-widget_type=\"divider.default\">\n\t\t\t\t<div class=\"elementor-widget-container\">\n\t\t\t\t\t<div class=\"elementor-divider\">\n\t\t\t<span class=\"elementor-divider-separator\">\n\t\t\t\t\t\t<\/span>\n\t\t<\/div>\n\t\t\t\t<\/div>\n\t\t\t\t<\/div>\n\t\t\t\t<div class=\"elementor-element elementor-element-36c93178 elementor-widget elementor-widget-heading\" data-id=\"36c93178\" data-element_type=\"widget\" data-widget_type=\"heading.default\">\n\t\t\t\t<div class=\"elementor-widget-container\">\n\t\t\t<h2 class=\"elementor-heading-title elementor-size-default\"><span style=\"white-space: normal;\">Marketing de Perfomance<\/span><\/h2>\t\t<\/div>\n\t\t\t\t<\/div>\n\t\t\t\t<div class=\"elementor-element elementor-element-423481d9 elementor-widget elementor-widget-heading\" data-id=\"423481d9\" data-element_type=\"widget\" data-widget_type=\"heading.default\">\n\t\t\t\t<div class=\"elementor-widget-container\">\n\t\t\t<h4 class=\"elementor-heading-title elementor-size-default\">Campanha de an\u00fancio nas principais plataformas digitais<\/h4>\t\t<\/div>\n\t\t\t\t<\/div>\n\t\t\t\t<div class=\"elementor-element elementor-element-11b52fd elementor-widget elementor-widget-heading\" data-id=\"11b52fd\" data-element_type=\"widget\" data-widget_type=\"heading.default\">\n\t\t\t\t<div class=\"elementor-widget-container\">\n\t\t\t<p class=\"elementor-heading-title elementor-size-default\">O Marketing de Performance \u00e9 uma estrat\u00e9gia proveniente do Marketing Digital que \u00e9 focada em resultados. Por isso, todas as decis\u00f5es s\u00e3o tomadas com base em dados, os quais s\u00e3o acompanhados e testados de modo constante por nossa equipe. \n<br><br>\n\nGerenciamos campanhas de an\u00fancio nas principais plataformas digitais de busca (Google Ads \/ Bing) e de m\u00eddias sociais (Facebook Ads, Instagram, LinkedIn, WhatsApp e outros).\n<br><br>\n\n\n<\/p>\t\t<\/div>\n\t\t\t\t<\/div>\n\t\t\t\t\t\t<\/div>\n\t\t\t\t\t<\/div>\n\t\t<\/div>\n\t\t\t\t\t\t\t\t<\/div>\n\t\t\t\t\t<\/div>\n\t\t<\/section>\n\t\t\t\t<section class=\"elementor-section elementor-top-section elementor-element elementor-element-4eb0eac elementor-section-boxed elementor-section-height-default elementor-section-height-default\" data-id=\"4eb0eac\" data-element_type=\"section\">\n\t\t\t\t\t\t<div class=\"elementor-container elementor-column-gap-default\">\n\t\t\t\t\t\t\t<div class=\"elementor-row\">\n\t\t\t\t\t<div class=\"elementor-column elementor-col-100 elementor-top-column elementor-element elementor-element-96c49fb\" data-id=\"96c49fb\" data-element_type=\"column\">\n\t\t\t<div class=\"elementor-column-wrap elementor-element-populated\">\n\t\t\t\t\t\t\t<div class=\"elementor-widget-wrap\">\n\t\t\t\t\t\t<div class=\"elementor-element elementor-element-162d56c elementor-widget elementor-widget-heading\" data-id=\"162d56c\" data-element_type=\"widget\" data-widget_type=\"heading.default\">\n\t\t\t\t<div class=\"elementor-widget-container\">\n\t\t\t<h3 class=\"elementor-heading-title elementor-size-default\">Import\u00e2ncia do Marketing de Performance  \nMarketing de Performance \u00e9 baseado em dados de modo a melhorar a performance dos seus an\u00fancios. Ou seja, est\u00e1 diretamente relacionado com m\u00eddia paga. \n<br><br>\nNossa experi\u00eancia<br>\nOs profissionais da Ag\u00eancia NB4 t\u00eam mais de 10 anos de experi\u00eancia com cria\u00e7\u00e3o e otimiza\u00e7\u00e3o de campanhas em Google Ads, Bing Ads, Facebook Ads, WhatsApp e Instagram.\n<br><br>\nBenef\u00edcios do Marketing de Performance <br><ul>\n<li>An\u00e1lise em tempo real<\/li> <br>\n<li>Mudan\u00e7as r\u00e1pidas<\/li> <br>\n<li>Resultado palp\u00e1vel<\/li>\n<\/ul>\n<br><br>\nDivulgue mais os seus neg\u00f3cios<br>\nAcelere seus neg\u00f3cios atrav\u00e9s do marketing digital de performance com campanhas em Google Ads, Facebook Ads e Instagram. Entre em contato conosco.\n<\/h3>\t\t<\/div>\n\t\t\t\t<\/div>\n\t\t\t\t\t\t<\/div>\n\t\t\t\t\t<\/div>\n\t\t<\/div>\n\t\t\t\t\t\t\t\t<\/div>\n\t\t\t\t\t<\/div>\n\t\t<\/section>\n\t\t\t\t<section class=\"elementor-section elementor-top-section elementor-element elementor-element-5b6de17 elementor-section-boxed elementor-section-height-default elementor-section-height-default\" data-id=\"5b6de17\" data-element_type=\"section\">\n\t\t\t\t\t\t<div class=\"elementor-container elementor-column-gap-default\">\n\t\t\t\t\t\t\t<div class=\"elementor-row\">\n\t\t\t\t\t<div class=\"elementor-column elementor-col-100 elementor-top-column elementor-element elementor-element-4f374b3\" data-id=\"4f374b3\" data-element_type=\"column\">\n\t\t\t<div class=\"elementor-column-wrap elementor-element-populated\">\n\t\t\t\t\t\t\t<div class=\"elementor-widget-wrap\">\n\t\t\t\t\t\t<section class=\"elementor-section elementor-inner-section elementor-element elementor-element-80f6bd2 elementor-section-boxed elementor-section-height-default elementor-section-height-default\" data-id=\"80f6bd2\" data-element_type=\"section\">\n\t\t\t\t\t\t<div class=\"elementor-container elementor-column-gap-default\">\n\t\t\t\t\t\t\t<div class=\"elementor-row\">\n\t\t\t\t\t<div class=\"elementor-column elementor-col-33 elementor-inner-column elementor-element elementor-element-2c9c033\" data-id=\"2c9c033\" data-element_type=\"column\">\n\t\t\t<div class=\"elementor-column-wrap elementor-element-populated\">\n\t\t\t\t\t\t\t<div class=\"elementor-widget-wrap\">\n\t\t\t\t\t\t<div class=\"elementor-element elementor-element-19f2cb9 elementor-widget elementor-widget-image\" data-id=\"19f2cb9\" data-element_type=\"widget\" data-widget_type=\"image.default\">\n\t\t\t\t<div class=\"elementor-widget-container\">\n\t\t\t\t\t\t\t\t<div class=\"elementor-image\">\n\t\t\t\t\t\t\t\t\t\t\t\t\t<a href=\"https:\/\/agencianb4.com.br\/marketing\/wp-content\/uploads\/2020\/03\/IMG_hotel_alpina_performance.jpg\" data-elementor-open-lightbox=\"yes\" data-elementor-lightbox-title=\"IMG_hotel_alpina_performance\">\n\t\t\t\t\t\t\t<img src=\"https:\/\/agencianb4.com.br\/marketing\/wp-content\/uploads\/elementor\/thumbs\/IMG_hotel_alpina_performance-on78ycb7rdrtv4cqc3ude1v5e07zo2ve0a4r8bevr2.jpg\" title=\"IMG_hotel_alpina_performance\" alt=\"IMG_hotel_alpina_performance\" \/>\t\t\t\t\t\t\t\t<\/a>\n\t\t\t\t\t\t\t\t\t\t\t\t\t\t<\/div>\n\t\t\t\t\t\t<\/div>\n\t\t\t\t<\/div>\n\t\t\t\t\t\t<\/div>\n\t\t\t\t\t<\/div>\n\t\t<\/div>\n\t\t\t\t<div class=\"elementor-column elementor-col-33 elementor-inner-column elementor-element elementor-element-ce9d1d7\" data-id=\"ce9d1d7\" data-element_type=\"column\">\n\t\t\t<div class=\"elementor-column-wrap elementor-element-populated\">\n\t\t\t\t\t\t\t<div class=\"elementor-widget-wrap\">\n\t\t\t\t\t\t<div class=\"elementor-element elementor-element-28dc487 elementor-widget elementor-widget-image\" data-id=\"28dc487\" data-element_type=\"widget\" data-widget_type=\"image.default\">\n\t\t\t\t<div class=\"elementor-widget-container\">\n\t\t\t\t\t\t\t\t<div class=\"elementor-image\">\n\t\t\t\t\t\t\t\t\t\t\t\t\t<a href=\"https:\/\/agencianb4.com.br\/marketing\/wp-content\/uploads\/2020\/03\/IMG__forneria_giorgio_performance.jpg\" data-elementor-open-lightbox=\"yes\" data-elementor-lightbox-title=\"IMG__forneria_giorgio_performance\">\n\t\t\t\t\t\t\t<img src=\"https:\/\/agencianb4.com.br\/marketing\/wp-content\/uploads\/2020\/03\/IMG__forneria_giorgio_performance.jpg\" title=\"IMG__forneria_giorgio_performance\" alt=\"IMG__forneria_giorgio_performance\" \/>\t\t\t\t\t\t\t\t<\/a>\n\t\t\t\t\t\t\t\t\t\t\t\t\t\t<\/div>\n\t\t\t\t\t\t<\/div>\n\t\t\t\t<\/div>\n\t\t\t\t\t\t<\/div>\n\t\t\t\t\t<\/div>\n\t\t<\/div>\n\t\t\t\t<div class=\"elementor-column elementor-col-33 elementor-inner-column elementor-element elementor-element-0d50b22\" data-id=\"0d50b22\" data-element_type=\"column\">\n\t\t\t<div class=\"elementor-column-wrap elementor-element-populated\">\n\t\t\t\t\t\t\t<div class=\"elementor-widget-wrap\">\n\t\t\t\t\t\t<div class=\"elementor-element elementor-element-9ea7ffd elementor-widget elementor-widget-image\" data-id=\"9ea7ffd\" data-element_type=\"widget\" data-widget_type=\"image.default\">\n\t\t\t\t<div class=\"elementor-widget-container\">\n\t\t\t\t\t\t\t\t<div class=\"elementor-image\">\n\t\t\t\t\t\t\t\t\t\t\t\t\t<a href=\"https:\/\/agencianb4.com.br\/marketing\/wp-content\/uploads\/2020\/03\/IMG_maxxgnv_performance.jpg\" data-elementor-open-lightbox=\"yes\" data-elementor-lightbox-title=\"IMG_maxxgnv_performance\">\n\t\t\t\t\t\t\t<img src=\"https:\/\/agencianb4.com.br\/marketing\/wp-content\/uploads\/2020\/03\/IMG_maxxgnv_performance.jpg\" title=\"IMG_maxxgnv_performance\" alt=\"IMG_maxxgnv_performance\" \/>\t\t\t\t\t\t\t\t<\/a>\n\t\t\t\t\t\t\t\t\t\t\t\t\t\t<\/div>\n\t\t\t\t\t\t<\/div>\n\t\t\t\t<\/div>\n\t\t\t\t\t\t<\/div>\n\t\t\t\t\t<\/div>\n\t\t<\/div>\n\t\t\t\t\t\t\t\t<\/div>\n\t\t\t\t\t<\/div>\n\t\t<\/section>\n\t\t\t\t\t\t<\/div>\n\t\t\t\t\t<\/div>\n\t\t<\/div>\n\t\t\t\t\t\t\t\t<\/div>\n\t\t\t\t\t<\/div>\n\t\t<\/section>\n\t\t\t\t\t\t<\/div>\n\t\t\t\t\t\t<\/div>\n\t\t\t\t\t<\/div>\n\t\t","protected":false},"excerpt":{"rendered":"<p>Voc\u00ea nas primeiras posi\u00e7\u00f5es do Google Marketing de Perfomance Campanha de an\u00fancio nas principais plataformas digitais O Marketing de Performance \u00e9 uma estrat\u00e9gia proveniente do&hellip;<\/p>\n","protected":false},"author":1,"featured_media":0,"parent":0,"menu_order":0,"comment_status":"closed","ping_status":"closed","template":"template-one-page-builder.php","meta":[],"_links":{"self":[{"href":"https:\/\/agencianb4.com.br\/marketing\/wp-json\/wp\/v2\/pages\/1070"}],"collection":[{"href":"https:\/\/agencianb4.com.br\/marketing\/wp-json\/wp\/v2\/pages"}],"about":[{"href":"https:\/\/agencianb4.com.br\/marketing\/wp-json\/wp\/v2\/types\/page"}],"author":[{"embeddable":true,"href":"https:\/\/agencianb4.com.br\/marketing\/wp-json\/wp\/v2\/users\/1"}],"replies":[{"embeddable":true,"href":"https:\/\/agencianb4.com.br\/marketing\/wp-json\/wp\/v2\/comments?post=1070"}],"version-history":[{"count":19,"href":"https:\/\/agencianb4.com.br\/marketing\/wp-json\/wp\/v2\/pages\/1070\/revisions"}],"predecessor-version":[{"id":1259,"href":"https:\/\/agencianb4.com.br\/marketing\/wp-json\/wp\/v2\/pages\/1070\/revisions\/1259"}],"wp:attachment":[{"href":"https:\/\/agencianb4.com.br\/marketing\/wp-json\/wp\/v2\/media?parent=1070"}],"curies":[{"name":"wp","href":"https:\/\/api.w.org\/{rel}","templated":true}]}}