{"id":1101,"date":"2020-03-30T14:09:13","date_gmt":"2020-03-30T17:09:13","guid":{"rendered":"https:\/\/agencianb4.com.br\/marketing\/?page_id=1101"},"modified":"2020-04-07T15:39:16","modified_gmt":"2020-04-07T18:39:16","slug":"videos-fotografia","status":"publish","type":"page","link":"https:\/\/agencianb4.com.br\/marketing\/videos-fotografia\/","title":{"rendered":"Videos \/ Fotografia"},"content":{"rendered":"\t\t<div data-elementor-type=\"wp-post\" data-elementor-id=\"1101\" class=\"elementor elementor-1101\" data-elementor-settings=\"[]\">\n\t\t\t\t\t\t<div class=\"elementor-inner\">\n\t\t\t\t\t\t\t<div class=\"elementor-section-wrap\">\n\t\t\t\t\t\t\t<section class=\"elementor-section elementor-top-section elementor-element elementor-element-6705eefe elementor-section-stretched elementor-hidden-phone elementor-section-boxed elementor-section-height-default elementor-section-height-default\" data-id=\"6705eefe\" data-element_type=\"section\" id=\"pr_hero\" data-settings=\"{&quot;background_background&quot;:&quot;classic&quot;,&quot;stretch_section&quot;:&quot;section-stretched&quot;}\">\n\t\t\t\t\t\t\t<div class=\"elementor-background-overlay\"><\/div>\n\t\t\t\t\t\t\t<div class=\"elementor-container elementor-column-gap-default\">\n\t\t\t\t\t\t\t<div class=\"elementor-row\">\n\t\t\t\t\t<div class=\"elementor-column elementor-col-100 elementor-top-column elementor-element elementor-element-706d2f8 elementor-hidden-phone\" data-id=\"706d2f8\" data-element_type=\"column\" data-settings=\"{&quot;background_background&quot;:&quot;classic&quot;}\">\n\t\t\t<div class=\"elementor-column-wrap elementor-element-populated\">\n\t\t\t\t\t<div class=\"elementor-background-overlay\"><\/div>\n\t\t\t\t\t\t\t<div class=\"elementor-widget-wrap\">\n\t\t\t\t\t\t<section class=\"elementor-section elementor-inner-section elementor-element elementor-element-188ef81 elementor-hidden-phone elementor-section-boxed elementor-section-height-default elementor-section-height-default\" data-id=\"188ef81\" data-element_type=\"section\">\n\t\t\t\t\t\t<div class=\"elementor-container elementor-column-gap-default\">\n\t\t\t\t\t\t\t<div class=\"elementor-row\">\n\t\t\t\t\t<div class=\"elementor-column elementor-col-50 elementor-inner-column elementor-element elementor-element-30095a1\" data-id=\"30095a1\" data-element_type=\"column\">\n\t\t\t<div class=\"elementor-column-wrap elementor-element-populated\">\n\t\t\t\t\t\t\t<div class=\"elementor-widget-wrap\">\n\t\t\t\t\t\t<div class=\"elementor-element elementor-element-4b638fe elementor-widget elementor-widget-heading\" data-id=\"4b638fe\" data-element_type=\"widget\" data-widget_type=\"heading.default\">\n\t\t\t\t<div class=\"elementor-widget-container\">\n\t\t\t<h1 class=\"elementor-heading-title elementor-size-xxl\">Qualidade da imagem \u00e9 o grande diferencial <\/h1>\t\t<\/div>\n\t\t\t\t<\/div>\n\t\t\t\t\t\t<\/div>\n\t\t\t\t\t<\/div>\n\t\t<\/div>\n\t\t\t\t<div class=\"elementor-column elementor-col-50 elementor-inner-column elementor-element elementor-element-56468d5\" data-id=\"56468d5\" data-element_type=\"column\">\n\t\t\t<div class=\"elementor-column-wrap\">\n\t\t\t\t\t\t\t<div class=\"elementor-widget-wrap\">\n\t\t\t\t\t\t\t\t<\/div>\n\t\t\t\t\t<\/div>\n\t\t<\/div>\n\t\t\t\t\t\t\t\t<\/div>\n\t\t\t\t\t<\/div>\n\t\t<\/section>\n\t\t\t\t\t\t<\/div>\n\t\t\t\t\t<\/div>\n\t\t<\/div>\n\t\t\t\t\t\t\t\t<\/div>\n\t\t\t\t\t<\/div>\n\t\t<\/section>\n\t\t\t\t<section class=\"elementor-section elementor-top-section elementor-element elementor-element-3b3840fc pr__section elementor-section-boxed elementor-section-height-default elementor-section-height-default\" data-id=\"3b3840fc\" data-element_type=\"section\" id=\"pr_client\">\n\t\t\t\t\t\t<div class=\"elementor-container elementor-column-gap-default\">\n\t\t\t\t\t\t\t<div class=\"elementor-row\">\n\t\t\t\t\t<div class=\"elementor-column elementor-col-50 elementor-top-column elementor-element elementor-element-469c992a\" data-id=\"469c992a\" data-element_type=\"column\">\n\t\t\t<div class=\"elementor-column-wrap elementor-element-populated\">\n\t\t\t\t\t\t\t<div class=\"elementor-widget-wrap\">\n\t\t\t\t\t\t<div class=\"elementor-element elementor-element-27d69e82 r2__shape elementor-widget elementor-widget-spacer\" data-id=\"27d69e82\" data-element_type=\"widget\" data-widget_type=\"spacer.default\">\n\t\t\t\t<div class=\"elementor-widget-container\">\n\t\t\t\t\t<div class=\"elementor-spacer\">\n\t\t\t<div class=\"elementor-spacer-inner\"><\/div>\n\t\t<\/div>\n\t\t\t\t<\/div>\n\t\t\t\t<\/div>\n\t\t\t\t\t\t<\/div>\n\t\t\t\t\t<\/div>\n\t\t<\/div>\n\t\t\t\t<div class=\"elementor-column elementor-col-50 elementor-top-column elementor-element elementor-element-4eee5346\" data-id=\"4eee5346\" data-element_type=\"column\">\n\t\t\t<div class=\"elementor-column-wrap elementor-element-populated\">\n\t\t\t\t\t\t\t<div class=\"elementor-widget-wrap\">\n\t\t\t\t\t\t<div class=\"elementor-element elementor-element-337650b7 elementor-widget-divider--view-line elementor-widget elementor-widget-divider\" data-id=\"337650b7\" data-element_type=\"widget\" data-widget_type=\"divider.default\">\n\t\t\t\t<div class=\"elementor-widget-container\">\n\t\t\t\t\t<div class=\"elementor-divider\">\n\t\t\t<span class=\"elementor-divider-separator\">\n\t\t\t\t\t\t<\/span>\n\t\t<\/div>\n\t\t\t\t<\/div>\n\t\t\t\t<\/div>\n\t\t\t\t<div class=\"elementor-element elementor-element-36c93178 elementor-widget elementor-widget-heading\" data-id=\"36c93178\" data-element_type=\"widget\" data-widget_type=\"heading.default\">\n\t\t\t\t<div class=\"elementor-widget-container\">\n\t\t\t<h2 class=\"elementor-heading-title elementor-size-default\"><span style=\"white-space: normal;\">Videos \/ Fotografia\n<\/span><\/h2>\t\t<\/div>\n\t\t\t\t<\/div>\n\t\t\t\t<div class=\"elementor-element elementor-element-423481d9 elementor-widget elementor-widget-heading\" data-id=\"423481d9\" data-element_type=\"widget\" data-widget_type=\"heading.default\">\n\t\t\t\t<div class=\"elementor-widget-container\">\n\t\t\t<h4 class=\"elementor-heading-title elementor-size-default\">Qualidade da imagem \u00e9 o grande diferencial<\/h4>\t\t<\/div>\n\t\t\t\t<\/div>\n\t\t\t\t<div class=\"elementor-element elementor-element-11b52fd elementor-widget elementor-widget-heading\" data-id=\"11b52fd\" data-element_type=\"widget\" data-widget_type=\"heading.default\">\n\t\t\t\t<div class=\"elementor-widget-container\">\n\t\t\t<p class=\"elementor-heading-title elementor-size-default\">A fotografia profissional \u00e9 de grande import\u00e2ncia para qualquer empresa, seja para uma publicidade, v\u00eddeo, ambiente ou produto. O consumidor se interessa pelo que v\u00ea, e cada detalhe se faz importante.  \n<br><br>\nUma fotografia profissional causa um impacto positivo e contribui na hora da decis\u00e3o. Com equipamentos apropriados e de \u00faltima gera\u00e7\u00e3o, captamos imagens em alta defini\u00e7\u00e3o. Fazemos fotografia de produtos, alimentos, ambientes, produtos para lojas virtuais e muito mais.  \n<br><br>\nA fotografia est\u00e1 em alta e pode ser considerada a base das publica\u00e7\u00f5es nas principais redes sociais do mundo.\n\n<\/p>\t\t<\/div>\n\t\t\t\t<\/div>\n\t\t\t\t\t\t<\/div>\n\t\t\t\t\t<\/div>\n\t\t<\/div>\n\t\t\t\t\t\t\t\t<\/div>\n\t\t\t\t\t<\/div>\n\t\t<\/section>\n\t\t\t\t<section class=\"elementor-section elementor-top-section elementor-element elementor-element-b4ab348 elementor-section-boxed elementor-section-height-default elementor-section-height-default\" data-id=\"b4ab348\" data-element_type=\"section\">\n\t\t\t\t\t\t<div class=\"elementor-container elementor-column-gap-default\">\n\t\t\t\t\t\t\t<div class=\"elementor-row\">\n\t\t\t\t\t<div class=\"elementor-column elementor-col-100 elementor-top-column elementor-element elementor-element-d41b206\" data-id=\"d41b206\" data-element_type=\"column\">\n\t\t\t<div class=\"elementor-column-wrap elementor-element-populated\">\n\t\t\t\t\t\t\t<div class=\"elementor-widget-wrap\">\n\t\t\t\t\t\t<div class=\"elementor-element elementor-element-34fd3df elementor-widget elementor-widget-heading\" data-id=\"34fd3df\" data-element_type=\"widget\" data-widget_type=\"heading.default\">\n\t\t\t\t<div class=\"elementor-widget-container\">\n\t\t\t<p class=\"elementor-heading-title elementor-size-default\">Publicidade em v\u00eddeo\nCom o aumento da velocidade da Internet e da quantidade de usu\u00e1rios com o poder de um videomaker, os v\u00eddeos tornaram-se um importante aliado na dif\u00edcil tarefa de vender mais e comunicar melhor.\n<br><br>\nMuitas vezes, o uso dessa ferramenta \u00e9 um tormento para os profissionais de marketing, que precisam estar em constante atualiza\u00e7\u00e3o, mas veem-se submersos em d\u00favidas:  \n<br><br>\n\u2022 Como filmar? <br>\n\u2022 O que comunicar?<br> \n\u2022 Onde exibir? <br>\n\u2022 Que p\u00fablico desejo atingir? <br>\n\u2022 Como compreender a audi\u00eancia e mensurar o retorno?<br><br>\nA Ag\u00eancia oferece consultoria especializada, com fatores indicativos de como esses v\u00eddeos podem ser utilizados em seu empreendimento.\n\n\n<\/p>\t\t<\/div>\n\t\t\t\t<\/div>\n\t\t\t\t\t\t<\/div>\n\t\t\t\t\t<\/div>\n\t\t<\/div>\n\t\t\t\t\t\t\t\t<\/div>\n\t\t\t\t\t<\/div>\n\t\t<\/section>\n\t\t\t\t<section class=\"elementor-section elementor-top-section elementor-element elementor-element-d391d11 elementor-section-boxed elementor-section-height-default elementor-section-height-default\" data-id=\"d391d11\" data-element_type=\"section\">\n\t\t\t\t\t\t<div class=\"elementor-container elementor-column-gap-default\">\n\t\t\t\t\t\t\t<div class=\"elementor-row\">\n\t\t\t\t\t<div class=\"elementor-column elementor-col-20 elementor-top-column elementor-element elementor-element-aa63094\" data-id=\"aa63094\" data-element_type=\"column\">\n\t\t\t<div class=\"elementor-column-wrap elementor-element-populated\">\n\t\t\t\t\t\t\t<div class=\"elementor-widget-wrap\">\n\t\t\t\t\t\t<div class=\"elementor-element elementor-element-ebe62d0 elementor-widget elementor-widget-image\" data-id=\"ebe62d0\" data-element_type=\"widget\" data-widget_type=\"image.default\">\n\t\t\t\t<div class=\"elementor-widget-container\">\n\t\t\t\t\t\t\t\t<div class=\"elementor-image\">\n\t\t\t\t\t\t\t\t\t\t\t\t\t<a href=\"https:\/\/agencianb4.com.br\/marketing\/wp-content\/uploads\/2020\/03\/IMG_projeto_001_fotografia_e_video.jpg\" data-elementor-open-lightbox=\"yes\" data-elementor-lightbox-title=\"IMG_projeto_001_fotografia_e_video\">\n\t\t\t\t\t\t\t<img width=\"1024\" height=\"578\" src=\"https:\/\/agencianb4.com.br\/marketing\/wp-content\/uploads\/2020\/03\/IMG_projeto_001_fotografia_e_video-1024x578.jpg\" class=\"attachment-large size-large\" alt=\"\" loading=\"lazy\" srcset=\"https:\/\/agencianb4.com.br\/marketing\/wp-content\/uploads\/2020\/03\/IMG_projeto_001_fotografia_e_video-1024x578.jpg 1024w, https:\/\/agencianb4.com.br\/marketing\/wp-content\/uploads\/2020\/03\/IMG_projeto_001_fotografia_e_video-300x169.jpg 300w, https:\/\/agencianb4.com.br\/marketing\/wp-content\/uploads\/2020\/03\/IMG_projeto_001_fotografia_e_video-768x434.jpg 768w, https:\/\/agencianb4.com.br\/marketing\/wp-content\/uploads\/2020\/03\/IMG_projeto_001_fotografia_e_video-980x553.jpg 980w, https:\/\/agencianb4.com.br\/marketing\/wp-content\/uploads\/2020\/03\/IMG_projeto_001_fotografia_e_video.jpg 1360w\" sizes=\"(max-width: 1024px) 100vw, 1024px\" \/>\t\t\t\t\t\t\t\t<\/a>\n\t\t\t\t\t\t\t\t\t\t\t\t\t\t<\/div>\n\t\t\t\t\t\t<\/div>\n\t\t\t\t<\/div>\n\t\t\t\t\t\t<\/div>\n\t\t\t\t\t<\/div>\n\t\t<\/div>\n\t\t\t\t<div class=\"elementor-column elementor-col-20 elementor-top-column elementor-element elementor-element-8590625\" data-id=\"8590625\" data-element_type=\"column\">\n\t\t\t<div class=\"elementor-column-wrap elementor-element-populated\">\n\t\t\t\t\t\t\t<div class=\"elementor-widget-wrap\">\n\t\t\t\t\t\t<div class=\"elementor-element elementor-element-c2340d7 elementor-widget elementor-widget-image\" data-id=\"c2340d7\" data-element_type=\"widget\" data-widget_type=\"image.default\">\n\t\t\t\t<div class=\"elementor-widget-container\">\n\t\t\t\t\t\t\t\t<div class=\"elementor-image\">\n\t\t\t\t\t\t\t\t\t\t\t\t\t<a href=\"https:\/\/agencianb4.com.br\/marketing\/wp-content\/uploads\/2020\/03\/IMG_projeto_002_fotografia_e_video.jpg\" data-elementor-open-lightbox=\"yes\" data-elementor-lightbox-title=\"IMG_projeto_002_fotografia_e_video\">\n\t\t\t\t\t\t\t<img width=\"1024\" height=\"578\" src=\"https:\/\/agencianb4.com.br\/marketing\/wp-content\/uploads\/2020\/03\/IMG_projeto_002_fotografia_e_video-1024x578.jpg\" class=\"attachment-large size-large\" alt=\"\" loading=\"lazy\" srcset=\"https:\/\/agencianb4.com.br\/marketing\/wp-content\/uploads\/2020\/03\/IMG_projeto_002_fotografia_e_video-1024x578.jpg 1024w, https:\/\/agencianb4.com.br\/marketing\/wp-content\/uploads\/2020\/03\/IMG_projeto_002_fotografia_e_video-300x169.jpg 300w, https:\/\/agencianb4.com.br\/marketing\/wp-content\/uploads\/2020\/03\/IMG_projeto_002_fotografia_e_video-768x434.jpg 768w, https:\/\/agencianb4.com.br\/marketing\/wp-content\/uploads\/2020\/03\/IMG_projeto_002_fotografia_e_video-980x553.jpg 980w, https:\/\/agencianb4.com.br\/marketing\/wp-content\/uploads\/2020\/03\/IMG_projeto_002_fotografia_e_video.jpg 1360w\" sizes=\"(max-width: 1024px) 100vw, 1024px\" \/>\t\t\t\t\t\t\t\t<\/a>\n\t\t\t\t\t\t\t\t\t\t\t\t\t\t<\/div>\n\t\t\t\t\t\t<\/div>\n\t\t\t\t<\/div>\n\t\t\t\t\t\t<\/div>\n\t\t\t\t\t<\/div>\n\t\t<\/div>\n\t\t\t\t<div class=\"elementor-column elementor-col-20 elementor-top-column elementor-element elementor-element-fe9921a\" data-id=\"fe9921a\" data-element_type=\"column\">\n\t\t\t<div class=\"elementor-column-wrap elementor-element-populated\">\n\t\t\t\t\t\t\t<div class=\"elementor-widget-wrap\">\n\t\t\t\t\t\t<div class=\"elementor-element elementor-element-50e24d4 elementor-widget elementor-widget-image\" data-id=\"50e24d4\" data-element_type=\"widget\" data-widget_type=\"image.default\">\n\t\t\t\t<div class=\"elementor-widget-container\">\n\t\t\t\t\t\t\t\t<div class=\"elementor-image\">\n\t\t\t\t\t\t\t\t\t\t\t\t\t<a href=\"https:\/\/agencianb4.com.br\/marketing\/wp-content\/uploads\/2020\/03\/IMG_projeto_003_fotografia_e_video.jpg\" data-elementor-open-lightbox=\"yes\" data-elementor-lightbox-title=\"IMG_projeto_003_fotografia_e_video\">\n\t\t\t\t\t\t\t<img width=\"1024\" height=\"578\" src=\"https:\/\/agencianb4.com.br\/marketing\/wp-content\/uploads\/2020\/03\/IMG_projeto_003_fotografia_e_video-1024x578.jpg\" class=\"attachment-large size-large\" alt=\"\" loading=\"lazy\" srcset=\"https:\/\/agencianb4.com.br\/marketing\/wp-content\/uploads\/2020\/03\/IMG_projeto_003_fotografia_e_video-1024x578.jpg 1024w, https:\/\/agencianb4.com.br\/marketing\/wp-content\/uploads\/2020\/03\/IMG_projeto_003_fotografia_e_video-300x169.jpg 300w, https:\/\/agencianb4.com.br\/marketing\/wp-content\/uploads\/2020\/03\/IMG_projeto_003_fotografia_e_video-768x434.jpg 768w, https:\/\/agencianb4.com.br\/marketing\/wp-content\/uploads\/2020\/03\/IMG_projeto_003_fotografia_e_video-980x553.jpg 980w, https:\/\/agencianb4.com.br\/marketing\/wp-content\/uploads\/2020\/03\/IMG_projeto_003_fotografia_e_video.jpg 1360w\" sizes=\"(max-width: 1024px) 100vw, 1024px\" \/>\t\t\t\t\t\t\t\t<\/a>\n\t\t\t\t\t\t\t\t\t\t\t\t\t\t<\/div>\n\t\t\t\t\t\t<\/div>\n\t\t\t\t<\/div>\n\t\t\t\t\t\t<\/div>\n\t\t\t\t\t<\/div>\n\t\t<\/div>\n\t\t\t\t<div class=\"elementor-column elementor-col-20 elementor-top-column elementor-element elementor-element-e13ebb3\" data-id=\"e13ebb3\" data-element_type=\"column\">\n\t\t\t<div class=\"elementor-column-wrap elementor-element-populated\">\n\t\t\t\t\t\t\t<div class=\"elementor-widget-wrap\">\n\t\t\t\t\t\t<div class=\"elementor-element elementor-element-ceff0a5 elementor-widget elementor-widget-image\" data-id=\"ceff0a5\" data-element_type=\"widget\" data-widget_type=\"image.default\">\n\t\t\t\t<div class=\"elementor-widget-container\">\n\t\t\t\t\t\t\t\t<div class=\"elementor-image\">\n\t\t\t\t\t\t\t\t\t\t\t\t\t<a href=\"https:\/\/agencianb4.com.br\/marketing\/wp-content\/uploads\/2020\/03\/IMG_projeto_004_fotografia_e_video.jpg\" data-elementor-open-lightbox=\"yes\" data-elementor-lightbox-title=\"IMG_projeto_004_fotografia_e_video\">\n\t\t\t\t\t\t\t<img width=\"1024\" height=\"578\" src=\"https:\/\/agencianb4.com.br\/marketing\/wp-content\/uploads\/2020\/03\/IMG_projeto_004_fotografia_e_video-1024x578.jpg\" class=\"attachment-large size-large\" alt=\"\" loading=\"lazy\" srcset=\"https:\/\/agencianb4.com.br\/marketing\/wp-content\/uploads\/2020\/03\/IMG_projeto_004_fotografia_e_video-1024x578.jpg 1024w, https:\/\/agencianb4.com.br\/marketing\/wp-content\/uploads\/2020\/03\/IMG_projeto_004_fotografia_e_video-300x169.jpg 300w, https:\/\/agencianb4.com.br\/marketing\/wp-content\/uploads\/2020\/03\/IMG_projeto_004_fotografia_e_video-768x434.jpg 768w, https:\/\/agencianb4.com.br\/marketing\/wp-content\/uploads\/2020\/03\/IMG_projeto_004_fotografia_e_video-980x553.jpg 980w, https:\/\/agencianb4.com.br\/marketing\/wp-content\/uploads\/2020\/03\/IMG_projeto_004_fotografia_e_video.jpg 1360w\" sizes=\"(max-width: 1024px) 100vw, 1024px\" \/>\t\t\t\t\t\t\t\t<\/a>\n\t\t\t\t\t\t\t\t\t\t\t\t\t\t<\/div>\n\t\t\t\t\t\t<\/div>\n\t\t\t\t<\/div>\n\t\t\t\t\t\t<\/div>\n\t\t\t\t\t<\/div>\n\t\t<\/div>\n\t\t\t\t<div class=\"elementor-column elementor-col-20 elementor-top-column elementor-element elementor-element-bc67454\" data-id=\"bc67454\" data-element_type=\"column\">\n\t\t\t<div class=\"elementor-column-wrap elementor-element-populated\">\n\t\t\t\t\t\t\t<div class=\"elementor-widget-wrap\">\n\t\t\t\t\t\t<div class=\"elementor-element elementor-element-95233f9 elementor-widget elementor-widget-image\" data-id=\"95233f9\" data-element_type=\"widget\" data-widget_type=\"image.default\">\n\t\t\t\t<div class=\"elementor-widget-container\">\n\t\t\t\t\t\t\t\t<div class=\"elementor-image\">\n\t\t\t\t\t\t\t\t\t\t\t\t\t<a href=\"https:\/\/agencianb4.com.br\/marketing\/wp-content\/uploads\/2020\/03\/IMG_projeto_005_fotografia_e_video.jpg\" data-elementor-open-lightbox=\"yes\" data-elementor-lightbox-title=\"IMG_projeto_005_fotografia_e_video\">\n\t\t\t\t\t\t\t<img width=\"1024\" height=\"578\" src=\"https:\/\/agencianb4.com.br\/marketing\/wp-content\/uploads\/2020\/03\/IMG_projeto_005_fotografia_e_video-1024x578.jpg\" class=\"attachment-large size-large\" alt=\"\" loading=\"lazy\" srcset=\"https:\/\/agencianb4.com.br\/marketing\/wp-content\/uploads\/2020\/03\/IMG_projeto_005_fotografia_e_video-1024x578.jpg 1024w, https:\/\/agencianb4.com.br\/marketing\/wp-content\/uploads\/2020\/03\/IMG_projeto_005_fotografia_e_video-300x169.jpg 300w, https:\/\/agencianb4.com.br\/marketing\/wp-content\/uploads\/2020\/03\/IMG_projeto_005_fotografia_e_video-768x434.jpg 768w, https:\/\/agencianb4.com.br\/marketing\/wp-content\/uploads\/2020\/03\/IMG_projeto_005_fotografia_e_video-980x553.jpg 980w, https:\/\/agencianb4.com.br\/marketing\/wp-content\/uploads\/2020\/03\/IMG_projeto_005_fotografia_e_video.jpg 1360w\" sizes=\"(max-width: 1024px) 100vw, 1024px\" \/>\t\t\t\t\t\t\t\t<\/a>\n\t\t\t\t\t\t\t\t\t\t\t\t\t\t<\/div>\n\t\t\t\t\t\t<\/div>\n\t\t\t\t<\/div>\n\t\t\t\t\t\t<\/div>\n\t\t\t\t\t<\/div>\n\t\t<\/div>\n\t\t\t\t\t\t\t\t<\/div>\n\t\t\t\t\t<\/div>\n\t\t<\/section>\n\t\t\t\t\t\t<\/div>\n\t\t\t\t\t\t<\/div>\n\t\t\t\t\t<\/div>\n\t\t","protected":false},"excerpt":{"rendered":"<p>Qualidade da imagem \u00e9 o grande diferencial Videos \/ Fotografia Qualidade da imagem \u00e9 o grande diferencial A fotografia profissional \u00e9 de grande import\u00e2ncia para&hellip;<\/p>\n","protected":false},"author":1,"featured_media":0,"parent":0,"menu_order":0,"comment_status":"closed","ping_status":"closed","template":"template-one-page-builder.php","meta":[],"_links":{"self":[{"href":"https:\/\/agencianb4.com.br\/marketing\/wp-json\/wp\/v2\/pages\/1101"}],"collection":[{"href":"https:\/\/agencianb4.com.br\/marketing\/wp-json\/wp\/v2\/pages"}],"about":[{"href":"https:\/\/agencianb4.com.br\/marketing\/wp-json\/wp\/v2\/types\/page"}],"author":[{"embeddable":true,"href":"https:\/\/agencianb4.com.br\/marketing\/wp-json\/wp\/v2\/users\/1"}],"replies":[{"embeddable":true,"href":"https:\/\/agencianb4.com.br\/marketing\/wp-json\/wp\/v2\/comments?post=1101"}],"version-history":[{"count":16,"href":"https:\/\/agencianb4.com.br\/marketing\/wp-json\/wp\/v2\/pages\/1101\/revisions"}],"predecessor-version":[{"id":1272,"href":"https:\/\/agencianb4.com.br\/marketing\/wp-json\/wp\/v2\/pages\/1101\/revisions\/1272"}],"wp:attachment":[{"href":"https:\/\/agencianb4.com.br\/marketing\/wp-json\/wp\/v2\/media?parent=1101"}],"curies":[{"name":"wp","href":"https:\/\/api.w.org\/{rel}","templated":true}]}}