{"id":776,"date":"2019-12-17T17:51:47","date_gmt":"2019-12-17T20:51:47","guid":{"rendered":"https:\/\/agencianb4.com.br\/marketing\/?page_id=776"},"modified":"2020-04-08T09:52:28","modified_gmt":"2020-04-08T12:52:28","slug":"criacao-website","status":"publish","type":"page","link":"https:\/\/agencianb4.com.br\/marketing\/criacao-website\/","title":{"rendered":"Cria\u00e7\u00e3o website"},"content":{"rendered":"\t\t<div data-elementor-type=\"wp-post\" data-elementor-id=\"776\" class=\"elementor elementor-776\" data-elementor-settings=\"[]\">\n\t\t\t\t\t\t<div class=\"elementor-inner\">\n\t\t\t\t\t\t\t<div class=\"elementor-section-wrap\">\n\t\t\t\t\t\t\t<section class=\"elementor-section elementor-top-section elementor-element elementor-element-6705eefe elementor-section-stretched elementor-hidden-phone elementor-section-boxed elementor-section-height-default elementor-section-height-default\" data-id=\"6705eefe\" data-element_type=\"section\" id=\"pr_hero\" data-settings=\"{&quot;background_background&quot;:&quot;classic&quot;,&quot;stretch_section&quot;:&quot;section-stretched&quot;}\">\n\t\t\t\t\t\t\t<div class=\"elementor-background-overlay\"><\/div>\n\t\t\t\t\t\t\t<div class=\"elementor-container elementor-column-gap-default\">\n\t\t\t\t\t\t\t<div class=\"elementor-row\">\n\t\t\t\t\t<div class=\"elementor-column elementor-col-100 elementor-top-column elementor-element elementor-element-706d2f8 elementor-hidden-phone\" data-id=\"706d2f8\" data-element_type=\"column\" data-settings=\"{&quot;background_background&quot;:&quot;classic&quot;}\">\n\t\t\t<div class=\"elementor-column-wrap elementor-element-populated\">\n\t\t\t\t\t<div class=\"elementor-background-overlay\"><\/div>\n\t\t\t\t\t\t\t<div class=\"elementor-widget-wrap\">\n\t\t\t\t\t\t<section class=\"elementor-section elementor-inner-section elementor-element elementor-element-188ef81 elementor-hidden-phone elementor-section-boxed elementor-section-height-default elementor-section-height-default\" data-id=\"188ef81\" data-element_type=\"section\">\n\t\t\t\t\t\t<div class=\"elementor-container elementor-column-gap-default\">\n\t\t\t\t\t\t\t<div class=\"elementor-row\">\n\t\t\t\t\t<div class=\"elementor-column elementor-col-50 elementor-inner-column elementor-element elementor-element-30095a1\" data-id=\"30095a1\" data-element_type=\"column\">\n\t\t\t<div class=\"elementor-column-wrap elementor-element-populated\">\n\t\t\t\t\t\t\t<div class=\"elementor-widget-wrap\">\n\t\t\t\t\t\t<div class=\"elementor-element elementor-element-4b638fe elementor-widget elementor-widget-heading\" data-id=\"4b638fe\" data-element_type=\"widget\" data-widget_type=\"heading.default\">\n\t\t\t\t<div class=\"elementor-widget-container\">\n\t\t\t<h1 class=\"elementor-heading-title elementor-size-xxl\">Sua empresa sendo exibida para o<br>\n mundo\n<\/h1>\t\t<\/div>\n\t\t\t\t<\/div>\n\t\t\t\t\t\t<\/div>\n\t\t\t\t\t<\/div>\n\t\t<\/div>\n\t\t\t\t<div class=\"elementor-column elementor-col-50 elementor-inner-column elementor-element elementor-element-56468d5\" data-id=\"56468d5\" data-element_type=\"column\">\n\t\t\t<div class=\"elementor-column-wrap\">\n\t\t\t\t\t\t\t<div class=\"elementor-widget-wrap\">\n\t\t\t\t\t\t\t\t<\/div>\n\t\t\t\t\t<\/div>\n\t\t<\/div>\n\t\t\t\t\t\t\t\t<\/div>\n\t\t\t\t\t<\/div>\n\t\t<\/section>\n\t\t\t\t\t\t<\/div>\n\t\t\t\t\t<\/div>\n\t\t<\/div>\n\t\t\t\t\t\t\t\t<\/div>\n\t\t\t\t\t<\/div>\n\t\t<\/section>\n\t\t\t\t<section class=\"elementor-section elementor-top-section elementor-element elementor-element-3b3840fc pr__section elementor-section-boxed elementor-section-height-default elementor-section-height-default\" data-id=\"3b3840fc\" data-element_type=\"section\" id=\"pr_client\">\n\t\t\t\t\t\t<div class=\"elementor-container elementor-column-gap-default\">\n\t\t\t\t\t\t\t<div class=\"elementor-row\">\n\t\t\t\t\t<div class=\"elementor-column elementor-col-50 elementor-top-column elementor-element elementor-element-469c992a\" data-id=\"469c992a\" data-element_type=\"column\">\n\t\t\t<div class=\"elementor-column-wrap elementor-element-populated\">\n\t\t\t\t\t\t\t<div class=\"elementor-widget-wrap\">\n\t\t\t\t\t\t<div class=\"elementor-element elementor-element-27d69e82 r2__shape elementor-widget elementor-widget-spacer\" data-id=\"27d69e82\" data-element_type=\"widget\" data-widget_type=\"spacer.default\">\n\t\t\t\t<div class=\"elementor-widget-container\">\n\t\t\t\t\t<div class=\"elementor-spacer\">\n\t\t\t<div class=\"elementor-spacer-inner\"><\/div>\n\t\t<\/div>\n\t\t\t\t<\/div>\n\t\t\t\t<\/div>\n\t\t\t\t\t\t<\/div>\n\t\t\t\t\t<\/div>\n\t\t<\/div>\n\t\t\t\t<div class=\"elementor-column elementor-col-50 elementor-top-column elementor-element elementor-element-4eee5346\" data-id=\"4eee5346\" data-element_type=\"column\">\n\t\t\t<div class=\"elementor-column-wrap elementor-element-populated\">\n\t\t\t\t\t\t\t<div class=\"elementor-widget-wrap\">\n\t\t\t\t\t\t<div class=\"elementor-element elementor-element-337650b7 elementor-widget-divider--view-line elementor-widget elementor-widget-divider\" data-id=\"337650b7\" data-element_type=\"widget\" data-widget_type=\"divider.default\">\n\t\t\t\t<div class=\"elementor-widget-container\">\n\t\t\t\t\t<div class=\"elementor-divider\">\n\t\t\t<span class=\"elementor-divider-separator\">\n\t\t\t\t\t\t<\/span>\n\t\t<\/div>\n\t\t\t\t<\/div>\n\t\t\t\t<\/div>\n\t\t\t\t<div class=\"elementor-element elementor-element-36c93178 elementor-widget elementor-widget-heading\" data-id=\"36c93178\" data-element_type=\"widget\" data-widget_type=\"heading.default\">\n\t\t\t\t<div class=\"elementor-widget-container\">\n\t\t\t<h2 class=\"elementor-heading-title elementor-size-default\"><span style=\"font-size: 50px; letter-spacing: -0.04em; white-space: normal;\">Cria\u00e7\u00e3o de Website<\/span><\/h2>\t\t<\/div>\n\t\t\t\t<\/div>\n\t\t\t\t<div class=\"elementor-element elementor-element-423481d9 elementor-widget elementor-widget-heading\" data-id=\"423481d9\" data-element_type=\"widget\" data-widget_type=\"heading.default\">\n\t\t\t\t<div class=\"elementor-widget-container\">\n\t\t\t<h4 class=\"elementor-heading-title elementor-size-default\">VOC\u00ca SABIA QUE EM 2019 AS VENDAS ONLINE CRESCERAM MAIS DE 80%\n<\/h4>\t\t<\/div>\n\t\t\t\t<\/div>\n\t\t\t\t<div class=\"elementor-element elementor-element-11b52fd elementor-widget elementor-widget-heading\" data-id=\"11b52fd\" data-element_type=\"widget\" data-widget_type=\"heading.default\">\n\t\t\t\t<div class=\"elementor-widget-container\">\n\t\t\t<p class=\"elementor-heading-title elementor-size-default\">A Ag\u00eancia NB4 desenvolve sites com design e conte\u00fado exclusivos, din\u00e2micos e modernos. Os projetos (site e e-commerce) s\u00e3o desenvolvidos com estrutura otimizada e arquitetura atualizada, gerando mais confian\u00e7a e credibilidade a seus clientes; oferecemos total consultoria, an\u00e1lise e planejamento em SEO, fazendo com que o seu site fique melhor posicionado nas buscas org\u00e2nicas (Google, Bing, Yahoo); trabalhando na concep\u00e7\u00e3o de m\u00e9tricas para alcan\u00e7ar o topo dos buscadores. Vivemos a Era da Busca, onde a melhor maneira de encontrar seu cliente \u00e9 ser encontrado por ele.\n\n<br><\/p>\t\t<\/div>\n\t\t\t\t<\/div>\n\t\t\t\t\t\t<\/div>\n\t\t\t\t\t<\/div>\n\t\t<\/div>\n\t\t\t\t\t\t\t\t<\/div>\n\t\t\t\t\t<\/div>\n\t\t<\/section>\n\t\t\t\t<section class=\"elementor-section elementor-top-section elementor-element elementor-element-c006f84 elementor-section-boxed elementor-section-height-default elementor-section-height-default\" data-id=\"c006f84\" data-element_type=\"section\">\n\t\t\t\t\t\t<div class=\"elementor-container elementor-column-gap-default\">\n\t\t\t\t\t\t\t<div class=\"elementor-row\">\n\t\t\t\t\t<div class=\"elementor-column elementor-col-100 elementor-top-column elementor-element elementor-element-4aeefeb\" data-id=\"4aeefeb\" data-element_type=\"column\">\n\t\t\t<div class=\"elementor-column-wrap elementor-element-populated\">\n\t\t\t\t\t\t\t<div class=\"elementor-widget-wrap\">\n\t\t\t\t\t\t<div class=\"elementor-element elementor-element-9174ac3 elementor-widget elementor-widget-heading\" data-id=\"9174ac3\" data-element_type=\"widget\" data-widget_type=\"heading.default\">\n\t\t\t\t<div class=\"elementor-widget-container\">\n\t\t\t<p class=\"elementor-heading-title elementor-size-default\">Criamos sites atraentes, pr\u00e1ticos e com mais visibilidade no Google e outros buscadores.<br> Todos os nossos layouts se adaptam para visualiza\u00e7\u00e3o em celulares, tablets e PC.<br>\n\n<br>\n\nSuporte e manuten\u00e7\u00e3o<br>\nAtualizamos sempre que necess\u00e1rio o seu conte\u00fado em quest\u00e3o de minutos.\n<br>\n<br>\n\nChat online<br>\nConverse com os seus visitantes de forma r\u00e1pida e eficiente.\n<br>\n<br>\n\nSite otimizado \u2013 SEO<br>\nDesenvolvemos nossos sites com arquitetura baseada nas normas t\u00e9cnicas de SEO.\n<br>\n<br>\nRelat\u00f3rio de visitas<br>\nIntegra\u00e7\u00e3o com o Google Analytics em tempo real.\n<br>\n<br>\n\nRedes sociais<br>\nIntegra\u00e7\u00e3o do site com todas as redes sociais dispon\u00edveis do momento (Facebook | Instagram | Twitter | LinkedIn |  Telegram | Tik Tok | WhatsApp) entre outras.\n<br>\n<br>\n\n\nE-Commerce <br>\nProjetamos e constru\u00edmos lojas magn\u00edficas de e-commerce, desde o design at\u00e9 a implanta\u00e7\u00e3o, com enfoque em usabilidade e acessibilidade para melhor experi\u00eancia do seu p\u00fablico alvo. Contamos com uma equipe capacitada de para orient\u00e1-lo em cada etapa e garantir que as escolhas tecnol\u00f3gicas e ferramentas sejam pautadas no sucesso da sua loja.\n\nUtilizamos as melhores e mais atuais tecnologias para ajudar no crescimento da sua marca.\nSua loja virtual pronta pra vender em apenas 7 dias.\n\n<br><br><br>\nParcelamos em at\u00e9 10X sem juros, conte com a experi\u00eancia de uma empresa estabelecida h\u00e1 mais de 20 anos no mercado.\n<br><\/p>\t\t<\/div>\n\t\t\t\t<\/div>\n\t\t\t\t\t\t<\/div>\n\t\t\t\t\t<\/div>\n\t\t<\/div>\n\t\t\t\t\t\t\t\t<\/div>\n\t\t\t\t\t<\/div>\n\t\t<\/section>\n\t\t\t\t<section class=\"elementor-section elementor-top-section elementor-element elementor-element-5b6de17 elementor-section-boxed elementor-section-height-default elementor-section-height-default\" data-id=\"5b6de17\" data-element_type=\"section\">\n\t\t\t\t\t\t<div class=\"elementor-container elementor-column-gap-default\">\n\t\t\t\t\t\t\t<div class=\"elementor-row\">\n\t\t\t\t\t<div class=\"elementor-column elementor-col-100 elementor-top-column elementor-element elementor-element-4f374b3\" data-id=\"4f374b3\" data-element_type=\"column\">\n\t\t\t<div class=\"elementor-column-wrap elementor-element-populated\">\n\t\t\t\t\t\t\t<div class=\"elementor-widget-wrap\">\n\t\t\t\t\t\t<section class=\"elementor-section elementor-inner-section elementor-element elementor-element-80f6bd2 elementor-section-boxed elementor-section-height-default elementor-section-height-default\" data-id=\"80f6bd2\" data-element_type=\"section\">\n\t\t\t\t\t\t<div class=\"elementor-container elementor-column-gap-default\">\n\t\t\t\t\t\t\t<div class=\"elementor-row\">\n\t\t\t\t\t<div class=\"elementor-column elementor-col-33 elementor-inner-column elementor-element elementor-element-2c9c033\" data-id=\"2c9c033\" data-element_type=\"column\">\n\t\t\t<div class=\"elementor-column-wrap elementor-element-populated\">\n\t\t\t\t\t\t\t<div class=\"elementor-widget-wrap\">\n\t\t\t\t\t\t<div class=\"elementor-element elementor-element-19f2cb9 elementor-widget elementor-widget-image\" data-id=\"19f2cb9\" data-element_type=\"widget\" data-widget_type=\"image.default\">\n\t\t\t\t<div class=\"elementor-widget-container\">\n\t\t\t\t\t\t\t\t<div class=\"elementor-image\">\n\t\t\t\t\t\t\t\t\t\t\t\t\t<a href=\"https:\/\/agencianb4.com.br\/marketing\/wp-content\/uploads\/2020\/01\/IMG_600x339_site_001.jpg\" data-elementor-open-lightbox=\"yes\" data-elementor-lightbox-title=\"IMG_600x339_site_001\">\n\t\t\t\t\t\t\t<img src=\"https:\/\/agencianb4.com.br\/marketing\/wp-content\/uploads\/elementor\/thumbs\/IMG_600x339_site_001-ojdpivi8geyb1qjypfgpsosdzl0h2jwkdfnvqkn1ha.jpg\" title=\"IMG_600x339_site_001\" alt=\"IMG_600x339_site_001\" \/>\t\t\t\t\t\t\t\t<\/a>\n\t\t\t\t\t\t\t\t\t\t\t\t\t\t<\/div>\n\t\t\t\t\t\t<\/div>\n\t\t\t\t<\/div>\n\t\t\t\t\t\t<\/div>\n\t\t\t\t\t<\/div>\n\t\t<\/div>\n\t\t\t\t<div class=\"elementor-column elementor-col-33 elementor-inner-column elementor-element elementor-element-ce9d1d7\" data-id=\"ce9d1d7\" data-element_type=\"column\">\n\t\t\t<div class=\"elementor-column-wrap elementor-element-populated\">\n\t\t\t\t\t\t\t<div class=\"elementor-widget-wrap\">\n\t\t\t\t\t\t<div class=\"elementor-element elementor-element-28dc487 elementor-widget elementor-widget-image\" data-id=\"28dc487\" data-element_type=\"widget\" data-widget_type=\"image.default\">\n\t\t\t\t<div class=\"elementor-widget-container\">\n\t\t\t\t\t\t\t\t<div class=\"elementor-image\">\n\t\t\t\t\t\t\t\t\t\t\t\t\t<a href=\"https:\/\/agencianb4.com.br\/marketing\/wp-content\/uploads\/2020\/03\/IMG_600x339_site_002.jpg\" data-elementor-open-lightbox=\"yes\" data-elementor-lightbox-title=\"IMG_600x339_site_002\">\n\t\t\t\t\t\t\t<img src=\"https:\/\/agencianb4.com.br\/marketing\/wp-content\/uploads\/2020\/03\/IMG_600x339_site_002.jpg\" title=\"IMG_600x339_site_002\" alt=\"IMG_600x339_site_002\" \/>\t\t\t\t\t\t\t\t<\/a>\n\t\t\t\t\t\t\t\t\t\t\t\t\t\t<\/div>\n\t\t\t\t\t\t<\/div>\n\t\t\t\t<\/div>\n\t\t\t\t\t\t<\/div>\n\t\t\t\t\t<\/div>\n\t\t<\/div>\n\t\t\t\t<div class=\"elementor-column elementor-col-33 elementor-inner-column elementor-element elementor-element-0d50b22\" data-id=\"0d50b22\" data-element_type=\"column\">\n\t\t\t<div class=\"elementor-column-wrap elementor-element-populated\">\n\t\t\t\t\t\t\t<div class=\"elementor-widget-wrap\">\n\t\t\t\t\t\t<div class=\"elementor-element elementor-element-9ea7ffd elementor-widget elementor-widget-image\" data-id=\"9ea7ffd\" data-element_type=\"widget\" data-widget_type=\"image.default\">\n\t\t\t\t<div class=\"elementor-widget-container\">\n\t\t\t\t\t\t\t\t<div class=\"elementor-image\">\n\t\t\t\t\t\t\t\t\t\t\t\t\t<a href=\"https:\/\/agencianb4.com.br\/marketing\/wp-content\/uploads\/2020\/01\/IMG_600x339_site_003.jpg\" data-elementor-open-lightbox=\"yes\" data-elementor-lightbox-title=\"IMG_600x339_site_003\">\n\t\t\t\t\t\t\t<img src=\"https:\/\/agencianb4.com.br\/marketing\/wp-content\/uploads\/2020\/01\/IMG_600x339_site_003.jpg\" title=\"IMG_600x339_site_003\" alt=\"IMG_600x339_site_003\" \/>\t\t\t\t\t\t\t\t<\/a>\n\t\t\t\t\t\t\t\t\t\t\t\t\t\t<\/div>\n\t\t\t\t\t\t<\/div>\n\t\t\t\t<\/div>\n\t\t\t\t\t\t<\/div>\n\t\t\t\t\t<\/div>\n\t\t<\/div>\n\t\t\t\t\t\t\t\t<\/div>\n\t\t\t\t\t<\/div>\n\t\t<\/section>\n\t\t\t\t\t\t<\/div>\n\t\t\t\t\t<\/div>\n\t\t<\/div>\n\t\t\t\t\t\t\t\t<\/div>\n\t\t\t\t\t<\/div>\n\t\t<\/section>\n\t\t\t\t\t\t<\/div>\n\t\t\t\t\t\t<\/div>\n\t\t\t\t\t<\/div>\n\t\t","protected":false},"excerpt":{"rendered":"<p>Sua empresa sendo exibida para o mundo Cria\u00e7\u00e3o de Website VOC\u00ca SABIA QUE EM 2019 AS VENDAS ONLINE CRESCERAM MAIS DE 80% A Ag\u00eancia NB4&hellip;<\/p>\n","protected":false},"author":1,"featured_media":0,"parent":0,"menu_order":0,"comment_status":"closed","ping_status":"closed","template":"template-one-page-builder.php","meta":[],"_links":{"self":[{"href":"https:\/\/agencianb4.com.br\/marketing\/wp-json\/wp\/v2\/pages\/776"}],"collection":[{"href":"https:\/\/agencianb4.com.br\/marketing\/wp-json\/wp\/v2\/pages"}],"about":[{"href":"https:\/\/agencianb4.com.br\/marketing\/wp-json\/wp\/v2\/types\/page"}],"author":[{"embeddable":true,"href":"https:\/\/agencianb4.com.br\/marketing\/wp-json\/wp\/v2\/users\/1"}],"replies":[{"embeddable":true,"href":"https:\/\/agencianb4.com.br\/marketing\/wp-json\/wp\/v2\/comments?post=776"}],"version-history":[{"count":66,"href":"https:\/\/agencianb4.com.br\/marketing\/wp-json\/wp\/v2\/pages\/776\/revisions"}],"predecessor-version":[{"id":1185,"href":"https:\/\/agencianb4.com.br\/marketing\/wp-json\/wp\/v2\/pages\/776\/revisions\/1185"}],"wp:attachment":[{"href":"https:\/\/agencianb4.com.br\/marketing\/wp-json\/wp\/v2\/media?parent=776"}],"curies":[{"name":"wp","href":"https:\/\/api.w.org\/{rel}","templated":true}]}}