{"id":964,"date":"2020-03-23T11:58:53","date_gmt":"2020-03-23T14:58:53","guid":{"rendered":"https:\/\/agencianb4.com.br\/marketing\/?page_id=964"},"modified":"2020-04-03T09:18:00","modified_gmt":"2020-04-03T12:18:00","slug":"gestao-de-redes-sociais","status":"publish","type":"page","link":"https:\/\/agencianb4.com.br\/marketing\/gestao-de-redes-sociais\/","title":{"rendered":"Gest\u00e3o de Redes Sociais"},"content":{"rendered":"\t\t<div data-elementor-type=\"wp-post\" data-elementor-id=\"964\" class=\"elementor elementor-964\" data-elementor-settings=\"[]\">\n\t\t\t\t\t\t<div class=\"elementor-inner\">\n\t\t\t\t\t\t\t<div class=\"elementor-section-wrap\">\n\t\t\t\t\t\t\t<section class=\"elementor-section elementor-top-section elementor-element elementor-element-6705eefe elementor-section-stretched elementor-hidden-phone elementor-section-boxed elementor-section-height-default elementor-section-height-default\" data-id=\"6705eefe\" data-element_type=\"section\" id=\"pr_hero\" data-settings=\"{&quot;background_background&quot;:&quot;classic&quot;,&quot;stretch_section&quot;:&quot;section-stretched&quot;}\">\n\t\t\t\t\t\t\t<div class=\"elementor-background-overlay\"><\/div>\n\t\t\t\t\t\t\t<div class=\"elementor-container elementor-column-gap-default\">\n\t\t\t\t\t\t\t<div class=\"elementor-row\">\n\t\t\t\t\t<div class=\"elementor-column elementor-col-100 elementor-top-column elementor-element elementor-element-706d2f8 elementor-hidden-phone\" data-id=\"706d2f8\" data-element_type=\"column\" data-settings=\"{&quot;background_background&quot;:&quot;classic&quot;}\">\n\t\t\t<div class=\"elementor-column-wrap elementor-element-populated\">\n\t\t\t\t\t<div class=\"elementor-background-overlay\"><\/div>\n\t\t\t\t\t\t\t<div class=\"elementor-widget-wrap\">\n\t\t\t\t\t\t<section class=\"elementor-section elementor-inner-section elementor-element elementor-element-188ef81 elementor-hidden-phone elementor-section-boxed elementor-section-height-default elementor-section-height-default\" data-id=\"188ef81\" data-element_type=\"section\">\n\t\t\t\t\t\t<div class=\"elementor-container elementor-column-gap-default\">\n\t\t\t\t\t\t\t<div class=\"elementor-row\">\n\t\t\t\t\t<div class=\"elementor-column elementor-col-50 elementor-inner-column elementor-element elementor-element-30095a1\" data-id=\"30095a1\" data-element_type=\"column\">\n\t\t\t<div class=\"elementor-column-wrap elementor-element-populated\">\n\t\t\t\t\t\t\t<div class=\"elementor-widget-wrap\">\n\t\t\t\t\t\t<div class=\"elementor-element elementor-element-4b638fe elementor-widget elementor-widget-heading\" data-id=\"4b638fe\" data-element_type=\"widget\" data-widget_type=\"heading.default\">\n\t\t\t\t<div class=\"elementor-widget-container\">\n\t\t\t<h1 class=\"elementor-heading-title elementor-size-xxl\">As m\u00eddias sociais<br> s\u00e3o os novos <br>ve\u00edculos\n<\/h1>\t\t<\/div>\n\t\t\t\t<\/div>\n\t\t\t\t\t\t<\/div>\n\t\t\t\t\t<\/div>\n\t\t<\/div>\n\t\t\t\t<div class=\"elementor-column elementor-col-50 elementor-inner-column elementor-element elementor-element-56468d5\" data-id=\"56468d5\" data-element_type=\"column\">\n\t\t\t<div class=\"elementor-column-wrap\">\n\t\t\t\t\t\t\t<div class=\"elementor-widget-wrap\">\n\t\t\t\t\t\t\t\t<\/div>\n\t\t\t\t\t<\/div>\n\t\t<\/div>\n\t\t\t\t\t\t\t\t<\/div>\n\t\t\t\t\t<\/div>\n\t\t<\/section>\n\t\t\t\t\t\t<\/div>\n\t\t\t\t\t<\/div>\n\t\t<\/div>\n\t\t\t\t\t\t\t\t<\/div>\n\t\t\t\t\t<\/div>\n\t\t<\/section>\n\t\t\t\t<section class=\"elementor-section elementor-top-section elementor-element elementor-element-3b3840fc pr__section elementor-section-boxed elementor-section-height-default elementor-section-height-default\" data-id=\"3b3840fc\" data-element_type=\"section\" id=\"pr_client\">\n\t\t\t\t\t\t<div class=\"elementor-container elementor-column-gap-default\">\n\t\t\t\t\t\t\t<div class=\"elementor-row\">\n\t\t\t\t\t<div class=\"elementor-column elementor-col-50 elementor-top-column elementor-element elementor-element-469c992a\" data-id=\"469c992a\" data-element_type=\"column\">\n\t\t\t<div class=\"elementor-column-wrap elementor-element-populated\">\n\t\t\t\t\t\t\t<div class=\"elementor-widget-wrap\">\n\t\t\t\t\t\t<div class=\"elementor-element elementor-element-27d69e82 r2__shape elementor-widget elementor-widget-spacer\" data-id=\"27d69e82\" data-element_type=\"widget\" data-widget_type=\"spacer.default\">\n\t\t\t\t<div class=\"elementor-widget-container\">\n\t\t\t\t\t<div class=\"elementor-spacer\">\n\t\t\t<div class=\"elementor-spacer-inner\"><\/div>\n\t\t<\/div>\n\t\t\t\t<\/div>\n\t\t\t\t<\/div>\n\t\t\t\t\t\t<\/div>\n\t\t\t\t\t<\/div>\n\t\t<\/div>\n\t\t\t\t<div class=\"elementor-column elementor-col-50 elementor-top-column elementor-element elementor-element-4eee5346\" data-id=\"4eee5346\" data-element_type=\"column\">\n\t\t\t<div class=\"elementor-column-wrap elementor-element-populated\">\n\t\t\t\t\t\t\t<div class=\"elementor-widget-wrap\">\n\t\t\t\t\t\t<div class=\"elementor-element elementor-element-337650b7 elementor-widget-divider--view-line elementor-widget elementor-widget-divider\" data-id=\"337650b7\" data-element_type=\"widget\" data-widget_type=\"divider.default\">\n\t\t\t\t<div class=\"elementor-widget-container\">\n\t\t\t\t\t<div class=\"elementor-divider\">\n\t\t\t<span class=\"elementor-divider-separator\">\n\t\t\t\t\t\t<\/span>\n\t\t<\/div>\n\t\t\t\t<\/div>\n\t\t\t\t<\/div>\n\t\t\t\t<div class=\"elementor-element elementor-element-36c93178 elementor-widget elementor-widget-heading\" data-id=\"36c93178\" data-element_type=\"widget\" data-widget_type=\"heading.default\">\n\t\t\t\t<div class=\"elementor-widget-container\">\n\t\t\t<h2 class=\"elementor-heading-title elementor-size-default\"><span style=\"font-size: 50px; letter-spacing: -0.04em; white-space: normal;\">Gest\u00e3o de m\u00eddias sociais<\/span><\/h2>\t\t<\/div>\n\t\t\t\t<\/div>\n\t\t\t\t<div class=\"elementor-element elementor-element-423481d9 elementor-widget elementor-widget-heading\" data-id=\"423481d9\" data-element_type=\"widget\" data-widget_type=\"heading.default\">\n\t\t\t\t<div class=\"elementor-widget-container\">\n\t\t\t<h4 class=\"elementor-heading-title elementor-size-default\">As redes sociais tornaram-se os novos ve\u00edculos de contato e informa\u00e7\u00e3o.<\/h4>\t\t<\/div>\n\t\t\t\t<\/div>\n\t\t\t\t<div class=\"elementor-element elementor-element-11b52fd elementor-widget elementor-widget-heading\" data-id=\"11b52fd\" data-element_type=\"widget\" data-widget_type=\"heading.default\">\n\t\t\t\t<div class=\"elementor-widget-container\">\n\t\t\t<p class=\"elementor-heading-title elementor-size-default\">As redes sociais tornaram-se os novos ve\u00edculos de contato e informa\u00e7\u00e3o. Ter um espa\u00e7o social n\u00e3o \u00e9 apenas uma oportunidade de publicar conte\u00fado e divulgar sua empresa. Implica em conversar com sua audi\u00eancia. O usu\u00e1rio aprendeu a usar a web para dialogar. Se sua empresa n\u00e3o apresenta uma boa comunica\u00e7\u00e3o com seu p\u00fablico, acaba frustrando seus seguidores e consequentemente as metas de seu neg\u00f3cio.\n<br><br>\nInbound Marketing <br>\nEstrat\u00e9gias para atrair e conquistar clientes atrav\u00e9s de conte\u00fado Inbound Marketing \u00e9 uma concep\u00e7\u00e3o do marketing focada em atrair, converter e encantar clientes.<\/p>\t\t<\/div>\n\t\t\t\t<\/div>\n\t\t\t\t\t\t<\/div>\n\t\t\t\t\t<\/div>\n\t\t<\/div>\n\t\t\t\t\t\t\t\t<\/div>\n\t\t\t\t\t<\/div>\n\t\t<\/section>\n\t\t\t\t<section class=\"elementor-section elementor-top-section elementor-element elementor-element-5dda756 elementor-section-boxed elementor-section-height-default elementor-section-height-default\" data-id=\"5dda756\" data-element_type=\"section\">\n\t\t\t\t\t\t<div class=\"elementor-container elementor-column-gap-default\">\n\t\t\t\t\t\t\t<div class=\"elementor-row\">\n\t\t\t\t\t<div class=\"elementor-column elementor-col-100 elementor-top-column elementor-element elementor-element-5dfc61a\" data-id=\"5dfc61a\" data-element_type=\"column\">\n\t\t\t<div class=\"elementor-column-wrap elementor-element-populated\">\n\t\t\t\t\t\t\t<div class=\"elementor-widget-wrap\">\n\t\t\t\t\t\t<div class=\"elementor-element elementor-element-72b786e elementor-widget elementor-widget-heading\" data-id=\"72b786e\" data-element_type=\"widget\" data-widget_type=\"heading.default\">\n\t\t\t\t<div class=\"elementor-widget-container\">\n\t\t\t<p class=\"elementor-heading-title elementor-size-default\">O Marketing de atra\u00e7\u00e3o, como tamb\u00e9m \u00e9 chamado o Inbound, afasta-se do conceito tradicional da publicidade e possibilita a conex\u00e3o com o p\u00fablico-alvo por meio dos pilares: Marketing de Conte\u00fado, SEO e Estrat\u00e9gias em Redes Sociais.\n<br><br>\n\nComo iremos te ajudar... <br>\nA NB4 atua estudando o seu neg\u00f3cio, compreendendo metas, definindo estrat\u00e9gias, a fim de projetar sua marca ou produto e extrair os melhores resultados.\n<br><br>\nTemos uma equipe capacitada a entender seu neg\u00f3cio, necessidades e objetivos. Buscamos as melhores estrat\u00e9gias de comunica\u00e7\u00e3o nas redes sociais. Desenvolvemos a\u00e7\u00f5es patrocinadas e direcionada a cada p\u00fablico-alvo, mensuramos todas as a\u00e7\u00f5es.\n<br><br>\nFacebook | Instagram | WhatsApp | Twitter | LinkedIn | Telegram | Tik Tok entre outras...<\/p>\t\t<\/div>\n\t\t\t\t<\/div>\n\t\t\t\t\t\t<\/div>\n\t\t\t\t\t<\/div>\n\t\t<\/div>\n\t\t\t\t\t\t\t\t<\/div>\n\t\t\t\t\t<\/div>\n\t\t<\/section>\n\t\t\t\t<section class=\"elementor-section elementor-top-section elementor-element elementor-element-5b6de17 elementor-section-boxed elementor-section-height-default elementor-section-height-default\" data-id=\"5b6de17\" data-element_type=\"section\">\n\t\t\t\t\t\t<div class=\"elementor-container elementor-column-gap-default\">\n\t\t\t\t\t\t\t<div class=\"elementor-row\">\n\t\t\t\t\t<div class=\"elementor-column elementor-col-100 elementor-top-column elementor-element elementor-element-4f374b3\" data-id=\"4f374b3\" data-element_type=\"column\">\n\t\t\t<div class=\"elementor-column-wrap elementor-element-populated\">\n\t\t\t\t\t\t\t<div class=\"elementor-widget-wrap\">\n\t\t\t\t\t\t<section class=\"elementor-section elementor-inner-section elementor-element elementor-element-80f6bd2 elementor-section-boxed elementor-section-height-default elementor-section-height-default\" data-id=\"80f6bd2\" data-element_type=\"section\">\n\t\t\t\t\t\t<div class=\"elementor-container elementor-column-gap-default\">\n\t\t\t\t\t\t\t<div class=\"elementor-row\">\n\t\t\t\t\t<div class=\"elementor-column elementor-col-33 elementor-inner-column elementor-element elementor-element-2c9c033\" data-id=\"2c9c033\" data-element_type=\"column\">\n\t\t\t<div class=\"elementor-column-wrap elementor-element-populated\">\n\t\t\t\t\t\t\t<div class=\"elementor-widget-wrap\">\n\t\t\t\t\t\t<div class=\"elementor-element elementor-element-19f2cb9 elementor-widget elementor-widget-image\" data-id=\"19f2cb9\" data-element_type=\"widget\" data-widget_type=\"image.default\">\n\t\t\t\t<div class=\"elementor-widget-container\">\n\t\t\t\t\t\t\t\t<div class=\"elementor-image\">\n\t\t\t\t\t\t\t\t\t\t\t\t\t<a href=\"https:\/\/agencianb4.com.br\/marketing\/wp-content\/uploads\/2020\/03\/projeto_festa_e_cia.jpg\" data-elementor-open-lightbox=\"yes\" data-elementor-lightbox-title=\"projeto_festa_e_cia\">\n\t\t\t\t\t\t\t<img src=\"https:\/\/agencianb4.com.br\/marketing\/wp-content\/uploads\/elementor\/thumbs\/projeto_festa_e_cia-on1tr50b6cuf1cabyzzt2hsd9e3rciwoqbeii34ga6.jpg\" title=\"projeto_festa_e_cia\" alt=\"projeto_festa_e_cia\" \/>\t\t\t\t\t\t\t\t<\/a>\n\t\t\t\t\t\t\t\t\t\t\t\t\t\t<\/div>\n\t\t\t\t\t\t<\/div>\n\t\t\t\t<\/div>\n\t\t\t\t\t\t<\/div>\n\t\t\t\t\t<\/div>\n\t\t<\/div>\n\t\t\t\t<div class=\"elementor-column elementor-col-33 elementor-inner-column elementor-element elementor-element-ce9d1d7\" data-id=\"ce9d1d7\" data-element_type=\"column\">\n\t\t\t<div class=\"elementor-column-wrap elementor-element-populated\">\n\t\t\t\t\t\t\t<div class=\"elementor-widget-wrap\">\n\t\t\t\t\t\t<div class=\"elementor-element elementor-element-28dc487 elementor-widget elementor-widget-image\" data-id=\"28dc487\" data-element_type=\"widget\" data-widget_type=\"image.default\">\n\t\t\t\t<div class=\"elementor-widget-container\">\n\t\t\t\t\t\t\t\t<div class=\"elementor-image\">\n\t\t\t\t\t\t\t\t\t\t\t\t\t<a href=\"https:\/\/agencianb4.com.br\/marketing\/wp-content\/uploads\/2020\/03\/projeto_arranjos_express-1.jpg\" data-elementor-open-lightbox=\"yes\" data-elementor-lightbox-title=\"projeto_arranjos_express (1)\">\n\t\t\t\t\t\t\t<img src=\"https:\/\/agencianb4.com.br\/marketing\/wp-content\/uploads\/2020\/03\/projeto_arranjos_express-1.jpg\" title=\"projeto_arranjos_express (1)\" alt=\"projeto_arranjos_express (1)\" \/>\t\t\t\t\t\t\t\t<\/a>\n\t\t\t\t\t\t\t\t\t\t\t\t\t\t<\/div>\n\t\t\t\t\t\t<\/div>\n\t\t\t\t<\/div>\n\t\t\t\t\t\t<\/div>\n\t\t\t\t\t<\/div>\n\t\t<\/div>\n\t\t\t\t<div class=\"elementor-column elementor-col-33 elementor-inner-column elementor-element elementor-element-0d50b22\" data-id=\"0d50b22\" data-element_type=\"column\">\n\t\t\t<div class=\"elementor-column-wrap elementor-element-populated\">\n\t\t\t\t\t\t\t<div class=\"elementor-widget-wrap\">\n\t\t\t\t\t\t<div class=\"elementor-element elementor-element-9ea7ffd elementor-widget elementor-widget-image\" data-id=\"9ea7ffd\" data-element_type=\"widget\" data-widget_type=\"image.default\">\n\t\t\t\t<div class=\"elementor-widget-container\">\n\t\t\t\t\t\t\t\t<div class=\"elementor-image\">\n\t\t\t\t\t\t\t\t\t\t\t\t\t<a href=\"https:\/\/agencianb4.com.br\/marketing\/wp-content\/uploads\/2020\/03\/projeto_forneria_giorgio.jpg\" data-elementor-open-lightbox=\"yes\" data-elementor-lightbox-title=\"projeto_forneria_giorgio\">\n\t\t\t\t\t\t\t<img src=\"https:\/\/agencianb4.com.br\/marketing\/wp-content\/uploads\/2020\/03\/projeto_forneria_giorgio.jpg\" title=\"projeto_forneria_giorgio\" alt=\"projeto_forneria_giorgio\" \/>\t\t\t\t\t\t\t\t<\/a>\n\t\t\t\t\t\t\t\t\t\t\t\t\t\t<\/div>\n\t\t\t\t\t\t<\/div>\n\t\t\t\t<\/div>\n\t\t\t\t\t\t<\/div>\n\t\t\t\t\t<\/div>\n\t\t<\/div>\n\t\t\t\t\t\t\t\t<\/div>\n\t\t\t\t\t<\/div>\n\t\t<\/section>\n\t\t\t\t\t\t<\/div>\n\t\t\t\t\t<\/div>\n\t\t<\/div>\n\t\t\t\t\t\t\t\t<\/div>\n\t\t\t\t\t<\/div>\n\t\t<\/section>\n\t\t\t\t\t\t<\/div>\n\t\t\t\t\t\t<\/div>\n\t\t\t\t\t<\/div>\n\t\t","protected":false},"excerpt":{"rendered":"<p>As m\u00eddias sociais s\u00e3o os novos ve\u00edculos Gest\u00e3o de m\u00eddias sociais As redes sociais tornaram-se os novos ve\u00edculos de contato e informa\u00e7\u00e3o. As redes sociais&hellip;<\/p>\n","protected":false},"author":1,"featured_media":0,"parent":0,"menu_order":0,"comment_status":"closed","ping_status":"closed","template":"template-one-page-builder.php","meta":[],"_links":{"self":[{"href":"https:\/\/agencianb4.com.br\/marketing\/wp-json\/wp\/v2\/pages\/964"}],"collection":[{"href":"https:\/\/agencianb4.com.br\/marketing\/wp-json\/wp\/v2\/pages"}],"about":[{"href":"https:\/\/agencianb4.com.br\/marketing\/wp-json\/wp\/v2\/types\/page"}],"author":[{"embeddable":true,"href":"https:\/\/agencianb4.com.br\/marketing\/wp-json\/wp\/v2\/users\/1"}],"replies":[{"embeddable":true,"href":"https:\/\/agencianb4.com.br\/marketing\/wp-json\/wp\/v2\/comments?post=964"}],"version-history":[{"count":56,"href":"https:\/\/agencianb4.com.br\/marketing\/wp-json\/wp\/v2\/pages\/964\/revisions"}],"predecessor-version":[{"id":1211,"href":"https:\/\/agencianb4.com.br\/marketing\/wp-json\/wp\/v2\/pages\/964\/revisions\/1211"}],"wp:attachment":[{"href":"https:\/\/agencianb4.com.br\/marketing\/wp-json\/wp\/v2\/media?parent=964"}],"curies":[{"name":"wp","href":"https:\/\/api.w.org\/{rel}","templated":true}]}}